{"id":613,"date":"2023-09-20T16:53:41","date_gmt":"2023-09-20T21:53:41","guid":{"rendered":"https:\/\/educacion.leopoldonchavez.com\/?page_id=613"},"modified":"2026-04-27T13:01:30","modified_gmt":"2026-04-27T18:01:30","slug":"noticias","status":"publish","type":"page","link":"https:\/\/educacion.leopoldonchavez.com\/","title":{"rendered":"Noticias"},"content":{"rendered":"\t\t<div data-elementor-type=\"wp-page\" data-elementor-id=\"613\" class=\"elementor elementor-613\">\n\t\t\t\t<div class=\"elementor-element elementor-element-ce7848f e-flex e-con-boxed e-con e-parent\" data-id=\"ce7848f\" data-element_type=\"container\" data-e-type=\"container\">\n\t\t\t\t\t<div class=\"e-con-inner\">\n\t\t\t\t<div class=\"elementor-element elementor-element-5f98fdb elementor-widget elementor-widget-heading\" data-id=\"5f98fdb\" data-element_type=\"widget\" data-e-type=\"widget\" data-widget_type=\"heading.default\">\n\t\t\t\t<div class=\"elementor-widget-container\">\n\t\t\t\t\t<h2 class=\"elementor-heading-title elementor-size-default\">Prop\u00f3sito Misional<br><\/h2>\t\t\t\t<\/div>\n\t\t\t\t<\/div>\n\t\t\t\t\t<\/div>\n\t\t\t\t<\/div>\n\t\t<div class=\"elementor-element elementor-element-33f31d0 e-flex e-con-boxed e-con e-parent\" data-id=\"33f31d0\" data-element_type=\"container\" data-e-type=\"container\">\n\t\t\t\t\t<div class=\"e-con-inner\">\n\t\t\t\t<div class=\"elementor-element elementor-element-010117c elementor-widget elementor-widget-image\" data-id=\"010117c\" data-element_type=\"widget\" data-e-type=\"widget\" data-widget_type=\"image.default\">\n\t\t\t\t<div class=\"elementor-widget-container\">\n\t\t\t\t\t\t\t\t\t\t\t\t\t\t\t<img decoding=\"async\" width=\"194\" height=\"175\" src=\"https:\/\/educacion.leopoldonchavez.com\/wp-content\/uploads\/2021\/09\/escudo.jpg\" class=\"attachment-large size-large wp-image-743\" alt=\"\" \/>\t\t\t\t\t\t\t\t\t\t\t\t\t\t\t<\/div>\n\t\t\t\t<\/div>\n\t\t\t\t\t<\/div>\n\t\t\t\t<\/div>\n\t\t<div class=\"elementor-element elementor-element-b3b13f6 e-flex e-con-boxed e-con e-parent\" data-id=\"b3b13f6\" data-element_type=\"container\" data-e-type=\"container\">\n\t\t\t\t\t<div class=\"e-con-inner\">\n\t\t\t\t<div class=\"elementor-element elementor-element-7c5bc85 elementor-widget elementor-widget-text-editor\" data-id=\"7c5bc85\" data-element_type=\"widget\" data-e-type=\"widget\" data-widget_type=\"text-editor.default\">\n\t\t\t\t<div class=\"elementor-widget-container\">\n\t\t\t\t\t\t\t\t\t<p>La Unidad Educativa \u00abLeopoldo N. Ch\u00e1vez\u00bb, promueve la organizaci\u00f3n institucional para la formaci\u00f3n integral de ni\u00f1as, ni\u00f1os y adolescentes para que se conviertan en ciudadanos responsables, cr\u00edticos y comprometidos con la sociedad, de tal manera que afronten los desaf\u00edos de la vida actual, con principios que impulsan a la libertad personal y colectiva garantizando una cultura de paz. Los ambientes de aprendizaje de nuestra instituci\u00f3n est\u00e1n enfocados al desarrollo del autocuidado y prevenci\u00f3n de riesgos de tal forma que se garantiza la activaci\u00f3n de rutas y protocolos frente a cualquier eventualidad psicosocial, con la participaci\u00f3n de todos los actores de la comunidad educativa. Ofrecemos una educaci\u00f3n de excelencia con la aplicaci\u00f3n de metodolog\u00edas innovadoras, t\u00e9cnicas y recursos que nos permitan reflexionar sobre el presente y el futuro de la labor docente para brindar a los estudiantes la oportunidad de desarrollar y participar de un aprendizaje activo.<\/p>\t\t\t\t\t\t\t\t<\/div>\n\t\t\t\t<\/div>\n\t\t\t\t\t<\/div>\n\t\t\t\t<\/div>\n\t\t<div class=\"elementor-element elementor-element-889fecb e-flex e-con-boxed e-con e-parent\" data-id=\"889fecb\" data-element_type=\"container\" data-e-type=\"container\">\n\t\t\t\t\t<div class=\"e-con-inner\">\n\t\t\t\t<div class=\"elementor-element elementor-element-2489970 elementor-widget elementor-widget-heading\" data-id=\"2489970\" data-element_type=\"widget\" data-e-type=\"widget\" data-widget_type=\"heading.default\">\n\t\t\t\t<div class=\"elementor-widget-container\">\n\t\t\t\t\t<h2 class=\"elementor-heading-title elementor-size-default\">Himno a la Instituci\u00f3n<\/h2>\t\t\t\t<\/div>\n\t\t\t\t<\/div>\n\t\t\t\t\t<\/div>\n\t\t\t\t<\/div>\n\t\t<div class=\"elementor-element elementor-element-986065f e-flex e-con-boxed e-con e-parent\" data-id=\"986065f\" data-element_type=\"container\" data-e-type=\"container\">\n\t\t\t\t\t<div class=\"e-con-inner\">\n\t\t\t\t<div class=\"elementor-element elementor-element-43ee436 elementor-widget elementor-widget-text-editor\" data-id=\"43ee436\" data-element_type=\"widget\" data-e-type=\"widget\" data-widget_type=\"text-editor.default\">\n\t\t\t\t<div class=\"elementor-widget-container\">\n\t\t\t\t\t\t\t\t\t<p>CORO<\/p><p>\u00a1Centenario de virtud y ense\u00f1anza,<\/p><p>Esperance\u00f1os con firme pasi\u00f3n <br \/>Juventud leopoldina que avanza<\/p><p>Con orgullo, amor y tradici\u00f3n<\/p><p>I<\/p><p>Desde el aula germina la fuerza,<\/p><p>la semilla del bien y el saber,<\/p><p>en sus voces resuenan la herencia<\/p><p>de trabajo, cultura y deber.<\/p><p>II<\/p><p>Tus maestros con luz en sus manos,<\/p><p>plantan semillas de gran valor,<\/p><p>con sabidur\u00eda ense\u00f1ando a los ni\u00f1os,<\/p><p>la nobleza, paciencia y labor.<\/p><p>III<\/p><p>Tu legado en el pueblo perdura,<\/p><p>Leopoldo un maestro inmortal,<\/p><p>pionero en ciencia y cultura,\u00a0<\/p><p>de justicia, amor e ideal.<\/p><p>IV<\/p><p>Desde el campo, florece tu historia,<\/p><p>te cantamos con orgullo y fervor,<\/p><p>pues tu nombre quedar\u00e1 en la memoria,<\/p><p>como emblema de un nuevo Ecuador.<\/p>\t\t\t\t\t\t\t\t<\/div>\n\t\t\t\t<\/div>\n\t\t\t\t\t<\/div>\n\t\t\t\t<\/div>\n\t\t<div class=\"elementor-element elementor-element-a8efe78 e-flex e-con-boxed e-con e-parent\" data-id=\"a8efe78\" data-element_type=\"container\" data-e-type=\"container\">\n\t\t\t\t\t<div class=\"e-con-inner\">\n\t\t<div class=\"elementor-element elementor-element-84d069a e-con-full e-flex e-con e-child\" data-id=\"84d069a\" data-element_type=\"container\" data-e-type=\"container\">\n\t\t\t\t<\/div>\n\t\t<div class=\"elementor-element elementor-element-4d83db2 e-con-full e-flex e-con e-child\" data-id=\"4d83db2\" data-element_type=\"container\" data-e-type=\"container\">\n\t\t\t\t<\/div>\n\t\t<div class=\"elementor-element elementor-element-b901062 e-con-full e-flex e-con e-child\" data-id=\"b901062\" data-element_type=\"container\" data-e-type=\"container\">\n\t\t\t\t<\/div>\n\t\t<div class=\"elementor-element elementor-element-93b6064 e-con-full e-flex e-con e-child\" data-id=\"93b6064\" data-element_type=\"container\" data-e-type=\"container\">\n\t\t\t\t<\/div>\n\t\t\t\t\t<\/div>\n\t\t\t\t<\/div>\n\t\t<div class=\"elementor-element elementor-element-56dbab8 e-flex e-con-boxed e-con e-parent\" data-id=\"56dbab8\" data-element_type=\"container\" data-e-type=\"container\">\n\t\t\t\t\t<div class=\"e-con-inner\">\n\t\t\t\t\t<\/div>\n\t\t\t\t<\/div>\n\t\t<div class=\"elementor-element elementor-element-2a6794c e-flex e-con-boxed e-con e-parent\" data-id=\"2a6794c\" data-element_type=\"container\" data-e-type=\"container\">\n\t\t\t\t\t<div class=\"e-con-inner\">\n\t\t\t\t\t<\/div>\n\t\t\t\t<\/div>\n\t\t\t\t<\/div>\n\t\t","protected":false},"excerpt":{"rendered":"<p>Prop\u00f3sito Misional La Unidad Educativa \u00abLeopoldo N. Ch\u00e1vez\u00bb, promueve la organizaci\u00f3n institucional para la formaci\u00f3n integral de ni\u00f1as, ni\u00f1os y adolescentes para que se conviertan en ciudadanos responsables, cr\u00edticos y comprometidos con la sociedad, de tal manera que afronten los desaf\u00edos de la vida actual, con principios que impulsan a la libertad personal y colectiva [&hellip;]<\/p>\n","protected":false},"author":1,"featured_media":0,"parent":0,"menu_order":0,"comment_status":"closed","ping_status":"closed","template":"","meta":{"footnotes":""},"class_list":["post-613","page","type-page","status-publish","hentry"],"yoast_head":"<!-- This site is optimized with the Yoast SEO plugin v27.6 - https:\/\/yoast.com\/product\/yoast-seo-wordpress\/ -->\n<title>Noticias - UNIDAD EDUCATIVA LEOPOLDO N CHAVEZ<\/title>\n<meta name=\"robots\" content=\"index, follow, max-snippet:-1, max-image-preview:large, max-video-preview:-1\" \/>\n<link rel=\"canonical\" href=\"https:\/\/educacion.leopoldonchavez.com\/\" \/>\n<meta property=\"og:locale\" content=\"es_ES\" \/>\n<meta property=\"og:type\" content=\"article\" \/>\n<meta property=\"og:title\" content=\"Noticias - UNIDAD EDUCATIVA LEOPOLDO N CHAVEZ\" \/>\n<meta property=\"og:description\" content=\"Prop\u00f3sito Misional La Unidad Educativa \u00abLeopoldo N. Ch\u00e1vez\u00bb, promueve la organizaci\u00f3n institucional para la formaci\u00f3n integral de ni\u00f1as, ni\u00f1os y adolescentes para que se conviertan en ciudadanos responsables, cr\u00edticos y comprometidos con la sociedad, de tal manera que afronten los desaf\u00edos de la vida actual, con principios que impulsan a la libertad personal y colectiva [&hellip;]\" \/>\n<meta property=\"og:url\" content=\"https:\/\/educacion.leopoldonchavez.com\/\" \/>\n<meta property=\"og:site_name\" content=\"UNIDAD EDUCATIVA LEOPOLDO N CHAVEZ\" \/>\n<meta property=\"article:modified_time\" content=\"2026-04-27T18:01:30+00:00\" \/>\n<meta property=\"og:image\" content=\"https:\/\/educacion.leopoldonchavez.com\/wp-content\/uploads\/2021\/09\/escudo.jpg\" \/>\n<meta name=\"twitter:card\" content=\"summary_large_image\" \/>\n<meta name=\"twitter:label1\" content=\"Tiempo de lectura\" \/>\n\t<meta name=\"twitter:data1\" content=\"1 minuto\" \/>\n<script type=\"application\/ld+json\" class=\"yoast-schema-graph\">{\"@context\":\"https:\\\/\\\/schema.org\",\"@graph\":[{\"@type\":\"WebPage\",\"@id\":\"https:\\\/\\\/educacion.leopoldonchavez.com\\\/\",\"url\":\"https:\\\/\\\/educacion.leopoldonchavez.com\\\/\",\"name\":\"Noticias - UNIDAD EDUCATIVA LEOPOLDO N CHAVEZ\",\"isPartOf\":{\"@id\":\"https:\\\/\\\/educacion.leopoldonchavez.com\\\/#website\"},\"primaryImageOfPage\":{\"@id\":\"https:\\\/\\\/educacion.leopoldonchavez.com\\\/#primaryimage\"},\"image\":{\"@id\":\"https:\\\/\\\/educacion.leopoldonchavez.com\\\/#primaryimage\"},\"thumbnailUrl\":\"https:\\\/\\\/educacion.leopoldonchavez.com\\\/wp-content\\\/uploads\\\/2021\\\/09\\\/escudo.jpg\",\"datePublished\":\"2023-09-20T21:53:41+00:00\",\"dateModified\":\"2026-04-27T18:01:30+00:00\",\"breadcrumb\":{\"@id\":\"https:\\\/\\\/educacion.leopoldonchavez.com\\\/#breadcrumb\"},\"inLanguage\":\"es\",\"potentialAction\":[{\"@type\":\"ReadAction\",\"target\":[\"https:\\\/\\\/educacion.leopoldonchavez.com\\\/\"]}]},{\"@type\":\"ImageObject\",\"inLanguage\":\"es\",\"@id\":\"https:\\\/\\\/educacion.leopoldonchavez.com\\\/#primaryimage\",\"url\":\"https:\\\/\\\/educacion.leopoldonchavez.com\\\/wp-content\\\/uploads\\\/2021\\\/09\\\/escudo.jpg\",\"contentUrl\":\"https:\\\/\\\/educacion.leopoldonchavez.com\\\/wp-content\\\/uploads\\\/2021\\\/09\\\/escudo.jpg\",\"width\":194,\"height\":175},{\"@type\":\"BreadcrumbList\",\"@id\":\"https:\\\/\\\/educacion.leopoldonchavez.com\\\/#breadcrumb\",\"itemListElement\":[{\"@type\":\"ListItem\",\"position\":1,\"name\":\"Portada\",\"item\":\"https:\\\/\\\/educacion.leopoldonchavez.com\\\/\"},{\"@type\":\"ListItem\",\"position\":2,\"name\":\"Noticias\"}]},{\"@type\":\"WebSite\",\"@id\":\"https:\\\/\\\/educacion.leopoldonchavez.com\\\/#website\",\"url\":\"https:\\\/\\\/educacion.leopoldonchavez.com\\\/\",\"name\":\"UNIDAD EDUCATIVA LEOPOLDO N CHAVEZ\",\"description\":\"LA ESPERANZA - PEDRO MONCAYO - PICHINCHA - ECUADOR\",\"publisher\":{\"@id\":\"https:\\\/\\\/educacion.leopoldonchavez.com\\\/#organization\"},\"potentialAction\":[{\"@type\":\"SearchAction\",\"target\":{\"@type\":\"EntryPoint\",\"urlTemplate\":\"https:\\\/\\\/educacion.leopoldonchavez.com\\\/?s={search_term_string}\"},\"query-input\":{\"@type\":\"PropertyValueSpecification\",\"valueRequired\":true,\"valueName\":\"search_term_string\"}}],\"inLanguage\":\"es\"},{\"@type\":\"Organization\",\"@id\":\"https:\\\/\\\/educacion.leopoldonchavez.com\\\/#organization\",\"name\":\"UNIDAD EDUCATIVA LEOPOLDO N CHAVEZ\",\"url\":\"https:\\\/\\\/educacion.leopoldonchavez.com\\\/\",\"logo\":{\"@type\":\"ImageObject\",\"inLanguage\":\"es\",\"@id\":\"https:\\\/\\\/educacion.leopoldonchavez.com\\\/#\\\/schema\\\/logo\\\/image\\\/\",\"url\":\"https:\\\/\\\/educacion.leopoldonchavez.com\\\/wp-content\\\/uploads\\\/2023\\\/08\\\/ROTULO-UE-LEOPOLDO-3.png\",\"contentUrl\":\"https:\\\/\\\/educacion.leopoldonchavez.com\\\/wp-content\\\/uploads\\\/2023\\\/08\\\/ROTULO-UE-LEOPOLDO-3.png\",\"width\":4819,\"height\":1305,\"caption\":\"UNIDAD EDUCATIVA LEOPOLDO N CHAVEZ\"},\"image\":{\"@id\":\"https:\\\/\\\/educacion.leopoldonchavez.com\\\/#\\\/schema\\\/logo\\\/image\\\/\"}}]}<\/script>\n<!-- \/ Yoast SEO plugin. -->","yoast_head_json":{"title":"Noticias - UNIDAD EDUCATIVA LEOPOLDO N CHAVEZ","robots":{"index":"index","follow":"follow","max-snippet":"max-snippet:-1","max-image-preview":"max-image-preview:large","max-video-preview":"max-video-preview:-1"},"canonical":"https:\/\/educacion.leopoldonchavez.com\/","og_locale":"es_ES","og_type":"article","og_title":"Noticias - UNIDAD EDUCATIVA LEOPOLDO N CHAVEZ","og_description":"Prop\u00f3sito Misional La Unidad Educativa \u00abLeopoldo N. Ch\u00e1vez\u00bb, promueve la organizaci\u00f3n institucional para la formaci\u00f3n integral de ni\u00f1as, ni\u00f1os y adolescentes para que se conviertan en ciudadanos responsables, cr\u00edticos y comprometidos con la sociedad, de tal manera que afronten los desaf\u00edos de la vida actual, con principios que impulsan a la libertad personal y colectiva [&hellip;]","og_url":"https:\/\/educacion.leopoldonchavez.com\/","og_site_name":"UNIDAD EDUCATIVA LEOPOLDO N CHAVEZ","article_modified_time":"2026-04-27T18:01:30+00:00","og_image":[{"url":"https:\/\/educacion.leopoldonchavez.com\/wp-content\/uploads\/2021\/09\/escudo.jpg","type":"","width":"","height":""}],"twitter_card":"summary_large_image","twitter_misc":{"Tiempo de lectura":"1 minuto"},"schema":{"@context":"https:\/\/schema.org","@graph":[{"@type":"WebPage","@id":"https:\/\/educacion.leopoldonchavez.com\/","url":"https:\/\/educacion.leopoldonchavez.com\/","name":"Noticias - UNIDAD EDUCATIVA LEOPOLDO N CHAVEZ","isPartOf":{"@id":"https:\/\/educacion.leopoldonchavez.com\/#website"},"primaryImageOfPage":{"@id":"https:\/\/educacion.leopoldonchavez.com\/#primaryimage"},"image":{"@id":"https:\/\/educacion.leopoldonchavez.com\/#primaryimage"},"thumbnailUrl":"https:\/\/educacion.leopoldonchavez.com\/wp-content\/uploads\/2021\/09\/escudo.jpg","datePublished":"2023-09-20T21:53:41+00:00","dateModified":"2026-04-27T18:01:30+00:00","breadcrumb":{"@id":"https:\/\/educacion.leopoldonchavez.com\/#breadcrumb"},"inLanguage":"es","potentialAction":[{"@type":"ReadAction","target":["https:\/\/educacion.leopoldonchavez.com\/"]}]},{"@type":"ImageObject","inLanguage":"es","@id":"https:\/\/educacion.leopoldonchavez.com\/#primaryimage","url":"https:\/\/educacion.leopoldonchavez.com\/wp-content\/uploads\/2021\/09\/escudo.jpg","contentUrl":"https:\/\/educacion.leopoldonchavez.com\/wp-content\/uploads\/2021\/09\/escudo.jpg","width":194,"height":175},{"@type":"BreadcrumbList","@id":"https:\/\/educacion.leopoldonchavez.com\/#breadcrumb","itemListElement":[{"@type":"ListItem","position":1,"name":"Portada","item":"https:\/\/educacion.leopoldonchavez.com\/"},{"@type":"ListItem","position":2,"name":"Noticias"}]},{"@type":"WebSite","@id":"https:\/\/educacion.leopoldonchavez.com\/#website","url":"https:\/\/educacion.leopoldonchavez.com\/","name":"UNIDAD EDUCATIVA LEOPOLDO N CHAVEZ","description":"LA ESPERANZA - PEDRO MONCAYO - PICHINCHA - ECUADOR","publisher":{"@id":"https:\/\/educacion.leopoldonchavez.com\/#organization"},"potentialAction":[{"@type":"SearchAction","target":{"@type":"EntryPoint","urlTemplate":"https:\/\/educacion.leopoldonchavez.com\/?s={search_term_string}"},"query-input":{"@type":"PropertyValueSpecification","valueRequired":true,"valueName":"search_term_string"}}],"inLanguage":"es"},{"@type":"Organization","@id":"https:\/\/educacion.leopoldonchavez.com\/#organization","name":"UNIDAD EDUCATIVA LEOPOLDO N CHAVEZ","url":"https:\/\/educacion.leopoldonchavez.com\/","logo":{"@type":"ImageObject","inLanguage":"es","@id":"https:\/\/educacion.leopoldonchavez.com\/#\/schema\/logo\/image\/","url":"https:\/\/educacion.leopoldonchavez.com\/wp-content\/uploads\/2023\/08\/ROTULO-UE-LEOPOLDO-3.png","contentUrl":"https:\/\/educacion.leopoldonchavez.com\/wp-content\/uploads\/2023\/08\/ROTULO-UE-LEOPOLDO-3.png","width":4819,"height":1305,"caption":"UNIDAD EDUCATIVA LEOPOLDO N CHAVEZ"},"image":{"@id":"https:\/\/educacion.leopoldonchavez.com\/#\/schema\/logo\/image\/"}}]}},"_links":{"self":[{"href":"https:\/\/educacion.leopoldonchavez.com\/index.php\/wp-json\/wp\/v2\/pages\/613","targetHints":{"allow":["GET"]}}],"collection":[{"href":"https:\/\/educacion.leopoldonchavez.com\/index.php\/wp-json\/wp\/v2\/pages"}],"about":[{"href":"https:\/\/educacion.leopoldonchavez.com\/index.php\/wp-json\/wp\/v2\/types\/page"}],"author":[{"embeddable":true,"href":"https:\/\/educacion.leopoldonchavez.com\/index.php\/wp-json\/wp\/v2\/users\/1"}],"replies":[{"embeddable":true,"href":"https:\/\/educacion.leopoldonchavez.com\/index.php\/wp-json\/wp\/v2\/comments?post=613"}],"version-history":[{"count":62,"href":"https:\/\/educacion.leopoldonchavez.com\/index.php\/wp-json\/wp\/v2\/pages\/613\/revisions"}],"predecessor-version":[{"id":799,"href":"https:\/\/educacion.leopoldonchavez.com\/index.php\/wp-json\/wp\/v2\/pages\/613\/revisions\/799"}],"wp:attachment":[{"href":"https:\/\/educacion.leopoldonchavez.com\/index.php\/wp-json\/wp\/v2\/media?parent=613"}],"curies":[{"name":"wp","href":"https:\/\/api.w.org\/{rel}","templated":true}]}}