{"id":815,"date":"2026-04-27T10:48:43","date_gmt":"2026-04-27T15:48:43","guid":{"rendered":"https:\/\/educacion.leopoldonchavez.com\/?page_id=815"},"modified":"2026-04-27T13:08:33","modified_gmt":"2026-04-27T18:08:33","slug":"815-2","status":"publish","type":"page","link":"https:\/\/educacion.leopoldonchavez.com\/index.php\/815-2\/","title":{"rendered":"INICIAL"},"content":{"rendered":"\n<h2 class=\"wp-block-heading\">INICIAL 1<\/h2>\n\n\n\n<div class=\"wp-block-columns is-layout-flex wp-container-core-columns-is-layout-9d6595d7 wp-block-columns-is-layout-flex\">\n<div class=\"wp-block-column is-layout-flow wp-block-column-is-layout-flow\">\n<figure class=\"wp-block-image size-full is-resized\"><img fetchpriority=\"high\" decoding=\"async\" width=\"343\" height=\"147\" src=\"https:\/\/educacion.leopoldonchavez.com\/wp-content\/uploads\/2026\/04\/INICIAL-1-1.jpg\" alt=\"\" class=\"wp-image-820\" style=\"aspect-ratio:2.3337231554327027;width:416px;height:auto\" srcset=\"https:\/\/educacion.leopoldonchavez.com\/wp-content\/uploads\/2026\/04\/INICIAL-1-1.jpg 343w, https:\/\/educacion.leopoldonchavez.com\/wp-content\/uploads\/2026\/04\/INICIAL-1-1-300x129.jpg 300w\" sizes=\"(max-width: 343px) 100vw, 343px\" \/><\/figure>\n<\/div>\n\n\n\n<div class=\"wp-block-column is-layout-flow wp-block-column-is-layout-flow\">\n<p>El nivel de Inicial 1 es una etapa fundamental en el desarrollo integral de los ni\u00f1os, ya que constituye su primer acercamiento al entorno educativo. En este nivel se promueve el desarrollo de habilidades sociales, emocionales, cognitivas y motoras a trav\u00e9s del juego, la exploraci\u00f3n y la interacci\u00f3n con otros. Adem\u00e1s, se fortalece la autonom\u00eda, la creatividad y la curiosidad natural de los ni\u00f1os, sentando las bases para un aprendizaje significativo a lo largo de su vida escolar.<\/p>\n<\/div>\n<\/div>\n\n\n\n<h2 class=\"wp-block-heading\">INICIAL II<\/h2>\n\n\n\n<div class=\"wp-block-columns is-layout-flex wp-container-core-columns-is-layout-9d6595d7 wp-block-columns-is-layout-flex\">\n<div class=\"wp-block-column is-layout-flow wp-block-column-is-layout-flow\">\n<figure class=\"wp-block-image size-full is-resized\"><img decoding=\"async\" width=\"343\" height=\"147\" src=\"https:\/\/educacion.leopoldonchavez.com\/wp-content\/uploads\/2026\/04\/INICIAL-2.jpg\" alt=\"\" class=\"wp-image-825\" style=\"aspect-ratio:2.3337231554327027;width:416px;height:auto\" srcset=\"https:\/\/educacion.leopoldonchavez.com\/wp-content\/uploads\/2026\/04\/INICIAL-2.jpg 343w, https:\/\/educacion.leopoldonchavez.com\/wp-content\/uploads\/2026\/04\/INICIAL-2-300x129.jpg 300w\" sizes=\"(max-width: 343px) 100vw, 343px\" \/><\/figure>\n<\/div>\n\n\n\n<div class=\"wp-block-column is-layout-flow wp-block-column-is-layout-flow\">\n<p>El grupo de 4 a\u00f1os es una etapa clave en el desarrollo de los ni\u00f1os, donde se consolidan y fortalecen habilidades fundamentales. En este nivel se impulsa el desarrollo del lenguaje, el pensamiento l\u00f3gico y la interacci\u00f3n social. A trav\u00e9s de actividades l\u00fadicas y din\u00e1micas, los ni\u00f1os potencian su creatividad, autonom\u00eda y confianza, prepar\u00e1ndose de manera progresiva para nuevos retos en su proceso educativo.<\/p>\n<\/div>\n<\/div>\n\n\n\n<h2 class=\"wp-block-heading\">PRIMERO EGB<\/h2>\n\n\n\n<div class=\"wp-block-columns is-layout-flex wp-container-core-columns-is-layout-9d6595d7 wp-block-columns-is-layout-flex\">\n<div class=\"wp-block-column is-layout-flow wp-block-column-is-layout-flow\">\n<figure class=\"wp-block-image size-full\"><img decoding=\"async\" width=\"225\" height=\"225\" src=\"https:\/\/educacion.leopoldonchavez.com\/wp-content\/uploads\/2026\/04\/PRIMERO-EGB.jpg\" alt=\"\" class=\"wp-image-826\" srcset=\"https:\/\/educacion.leopoldonchavez.com\/wp-content\/uploads\/2026\/04\/PRIMERO-EGB.jpg 225w, https:\/\/educacion.leopoldonchavez.com\/wp-content\/uploads\/2026\/04\/PRIMERO-EGB-150x150.jpg 150w\" sizes=\"(max-width: 225px) 100vw, 225px\" \/><\/figure>\n<\/div>\n\n\n\n<div class=\"wp-block-column is-layout-flow wp-block-column-is-layout-flow\">\n<p>El nivel de Primero de Educaci\u00f3n General B\u00e1sica (EGB) marca el inicio de la educaci\u00f3n formal, donde los ni\u00f1os comienzan a desarrollar habilidades fundamentales como la lectura, la escritura y el razonamiento matem\u00e1tico. En esta etapa se fomenta la curiosidad, la disciplina y el trabajo en equipo, mediante actividades din\u00e1micas que fortalecen su pensamiento cr\u00edtico y su capacidad de aprendizaje, sentando bases s\u00f3lidas para su trayectoria escolar.<\/p>\n<\/div>\n<\/div>\n","protected":false},"excerpt":{"rendered":"<p>INICIAL 1 El nivel de Inicial 1 es una etapa fundamental en el desarrollo integral de los ni\u00f1os, ya que constituye su primer acercamiento al entorno educativo. En este nivel se promueve el desarrollo de habilidades sociales, emocionales, cognitivas y motoras a trav\u00e9s del juego, la exploraci\u00f3n y la interacci\u00f3n con otros. Adem\u00e1s, se fortalece [&hellip;]<\/p>\n","protected":false},"author":2,"featured_media":0,"parent":0,"menu_order":0,"comment_status":"closed","ping_status":"closed","template":"","meta":{"footnotes":""},"class_list":["post-815","page","type-page","status-publish","hentry"],"yoast_head":"<!-- This site is optimized with the Yoast SEO plugin v27.4 - https:\/\/yoast.com\/product\/yoast-seo-wordpress\/ -->\n<title>INICIAL - UNIDAD EDUCATIVA LEOPOLDO N CHAVEZ<\/title>\n<meta name=\"robots\" content=\"index, follow, max-snippet:-1, max-image-preview:large, max-video-preview:-1\" \/>\n<link rel=\"canonical\" href=\"https:\/\/educacion.leopoldonchavez.com\/index.php\/815-2\/\" \/>\n<meta property=\"og:locale\" content=\"es_ES\" \/>\n<meta property=\"og:type\" content=\"article\" \/>\n<meta property=\"og:title\" content=\"INICIAL - UNIDAD EDUCATIVA LEOPOLDO N CHAVEZ\" \/>\n<meta property=\"og:description\" content=\"INICIAL 1 El nivel de Inicial 1 es una etapa fundamental en el desarrollo integral de los ni\u00f1os, ya que constituye su primer acercamiento al entorno educativo. En este nivel se promueve el desarrollo de habilidades sociales, emocionales, cognitivas y motoras a trav\u00e9s del juego, la exploraci\u00f3n y la interacci\u00f3n con otros. Adem\u00e1s, se fortalece [&hellip;]\" \/>\n<meta property=\"og:url\" content=\"https:\/\/educacion.leopoldonchavez.com\/index.php\/815-2\/\" \/>\n<meta property=\"og:site_name\" content=\"UNIDAD EDUCATIVA LEOPOLDO N CHAVEZ\" \/>\n<meta property=\"article:modified_time\" content=\"2026-04-27T18:08:33+00:00\" \/>\n<meta property=\"og:image\" content=\"https:\/\/educacion.leopoldonchavez.com\/wp-content\/uploads\/2026\/04\/INICIAL-1-1.jpg\" \/>\n\t<meta property=\"og:image:width\" content=\"343\" \/>\n\t<meta property=\"og:image:height\" content=\"147\" \/>\n\t<meta property=\"og:image:type\" content=\"image\/jpeg\" \/>\n<meta name=\"twitter:card\" content=\"summary_large_image\" \/>\n<meta name=\"twitter:label1\" content=\"Tiempo de lectura\" \/>\n\t<meta name=\"twitter:data1\" content=\"1 minuto\" \/>\n<script type=\"application\/ld+json\" class=\"yoast-schema-graph\">{\"@context\":\"https:\\\/\\\/schema.org\",\"@graph\":[{\"@type\":\"WebPage\",\"@id\":\"https:\\\/\\\/educacion.leopoldonchavez.com\\\/index.php\\\/815-2\\\/\",\"url\":\"https:\\\/\\\/educacion.leopoldonchavez.com\\\/index.php\\\/815-2\\\/\",\"name\":\"INICIAL - UNIDAD EDUCATIVA LEOPOLDO N CHAVEZ\",\"isPartOf\":{\"@id\":\"https:\\\/\\\/educacion.leopoldonchavez.com\\\/#website\"},\"primaryImageOfPage\":{\"@id\":\"https:\\\/\\\/educacion.leopoldonchavez.com\\\/index.php\\\/815-2\\\/#primaryimage\"},\"image\":{\"@id\":\"https:\\\/\\\/educacion.leopoldonchavez.com\\\/index.php\\\/815-2\\\/#primaryimage\"},\"thumbnailUrl\":\"https:\\\/\\\/educacion.leopoldonchavez.com\\\/wp-content\\\/uploads\\\/2026\\\/04\\\/INICIAL-1-1.jpg\",\"datePublished\":\"2026-04-27T15:48:43+00:00\",\"dateModified\":\"2026-04-27T18:08:33+00:00\",\"breadcrumb\":{\"@id\":\"https:\\\/\\\/educacion.leopoldonchavez.com\\\/index.php\\\/815-2\\\/#breadcrumb\"},\"inLanguage\":\"es\",\"potentialAction\":[{\"@type\":\"ReadAction\",\"target\":[\"https:\\\/\\\/educacion.leopoldonchavez.com\\\/index.php\\\/815-2\\\/\"]}]},{\"@type\":\"ImageObject\",\"inLanguage\":\"es\",\"@id\":\"https:\\\/\\\/educacion.leopoldonchavez.com\\\/index.php\\\/815-2\\\/#primaryimage\",\"url\":\"https:\\\/\\\/educacion.leopoldonchavez.com\\\/wp-content\\\/uploads\\\/2026\\\/04\\\/INICIAL-1-1.jpg\",\"contentUrl\":\"https:\\\/\\\/educacion.leopoldonchavez.com\\\/wp-content\\\/uploads\\\/2026\\\/04\\\/INICIAL-1-1.jpg\",\"width\":343,\"height\":147},{\"@type\":\"BreadcrumbList\",\"@id\":\"https:\\\/\\\/educacion.leopoldonchavez.com\\\/index.php\\\/815-2\\\/#breadcrumb\",\"itemListElement\":[{\"@type\":\"ListItem\",\"position\":1,\"name\":\"Portada\",\"item\":\"https:\\\/\\\/educacion.leopoldonchavez.com\\\/\"},{\"@type\":\"ListItem\",\"position\":2,\"name\":\"INICIAL\"}]},{\"@type\":\"WebSite\",\"@id\":\"https:\\\/\\\/educacion.leopoldonchavez.com\\\/#website\",\"url\":\"https:\\\/\\\/educacion.leopoldonchavez.com\\\/\",\"name\":\"UNIDAD EDUCATIVA LEOPOLDO N CHAVEZ\",\"description\":\"LA ESPERANZA - PEDRO MONCAYO - PICHINCHA - ECUADOR\",\"publisher\":{\"@id\":\"https:\\\/\\\/educacion.leopoldonchavez.com\\\/#organization\"},\"potentialAction\":[{\"@type\":\"SearchAction\",\"target\":{\"@type\":\"EntryPoint\",\"urlTemplate\":\"https:\\\/\\\/educacion.leopoldonchavez.com\\\/?s={search_term_string}\"},\"query-input\":{\"@type\":\"PropertyValueSpecification\",\"valueRequired\":true,\"valueName\":\"search_term_string\"}}],\"inLanguage\":\"es\"},{\"@type\":\"Organization\",\"@id\":\"https:\\\/\\\/educacion.leopoldonchavez.com\\\/#organization\",\"name\":\"UNIDAD EDUCATIVA LEOPOLDO N CHAVEZ\",\"url\":\"https:\\\/\\\/educacion.leopoldonchavez.com\\\/\",\"logo\":{\"@type\":\"ImageObject\",\"inLanguage\":\"es\",\"@id\":\"https:\\\/\\\/educacion.leopoldonchavez.com\\\/#\\\/schema\\\/logo\\\/image\\\/\",\"url\":\"https:\\\/\\\/educacion.leopoldonchavez.com\\\/wp-content\\\/uploads\\\/2023\\\/08\\\/ROTULO-UE-LEOPOLDO-3.png\",\"contentUrl\":\"https:\\\/\\\/educacion.leopoldonchavez.com\\\/wp-content\\\/uploads\\\/2023\\\/08\\\/ROTULO-UE-LEOPOLDO-3.png\",\"width\":4819,\"height\":1305,\"caption\":\"UNIDAD EDUCATIVA LEOPOLDO N CHAVEZ\"},\"image\":{\"@id\":\"https:\\\/\\\/educacion.leopoldonchavez.com\\\/#\\\/schema\\\/logo\\\/image\\\/\"}}]}<\/script>\n<!-- \/ Yoast SEO plugin. -->","yoast_head_json":{"title":"INICIAL - UNIDAD EDUCATIVA LEOPOLDO N CHAVEZ","robots":{"index":"index","follow":"follow","max-snippet":"max-snippet:-1","max-image-preview":"max-image-preview:large","max-video-preview":"max-video-preview:-1"},"canonical":"https:\/\/educacion.leopoldonchavez.com\/index.php\/815-2\/","og_locale":"es_ES","og_type":"article","og_title":"INICIAL - UNIDAD EDUCATIVA LEOPOLDO N CHAVEZ","og_description":"INICIAL 1 El nivel de Inicial 1 es una etapa fundamental en el desarrollo integral de los ni\u00f1os, ya que constituye su primer acercamiento al entorno educativo. En este nivel se promueve el desarrollo de habilidades sociales, emocionales, cognitivas y motoras a trav\u00e9s del juego, la exploraci\u00f3n y la interacci\u00f3n con otros. Adem\u00e1s, se fortalece [&hellip;]","og_url":"https:\/\/educacion.leopoldonchavez.com\/index.php\/815-2\/","og_site_name":"UNIDAD EDUCATIVA LEOPOLDO N CHAVEZ","article_modified_time":"2026-04-27T18:08:33+00:00","og_image":[{"width":343,"height":147,"url":"https:\/\/educacion.leopoldonchavez.com\/wp-content\/uploads\/2026\/04\/INICIAL-1-1.jpg","type":"image\/jpeg"}],"twitter_card":"summary_large_image","twitter_misc":{"Tiempo de lectura":"1 minuto"},"schema":{"@context":"https:\/\/schema.org","@graph":[{"@type":"WebPage","@id":"https:\/\/educacion.leopoldonchavez.com\/index.php\/815-2\/","url":"https:\/\/educacion.leopoldonchavez.com\/index.php\/815-2\/","name":"INICIAL - UNIDAD EDUCATIVA LEOPOLDO N CHAVEZ","isPartOf":{"@id":"https:\/\/educacion.leopoldonchavez.com\/#website"},"primaryImageOfPage":{"@id":"https:\/\/educacion.leopoldonchavez.com\/index.php\/815-2\/#primaryimage"},"image":{"@id":"https:\/\/educacion.leopoldonchavez.com\/index.php\/815-2\/#primaryimage"},"thumbnailUrl":"https:\/\/educacion.leopoldonchavez.com\/wp-content\/uploads\/2026\/04\/INICIAL-1-1.jpg","datePublished":"2026-04-27T15:48:43+00:00","dateModified":"2026-04-27T18:08:33+00:00","breadcrumb":{"@id":"https:\/\/educacion.leopoldonchavez.com\/index.php\/815-2\/#breadcrumb"},"inLanguage":"es","potentialAction":[{"@type":"ReadAction","target":["https:\/\/educacion.leopoldonchavez.com\/index.php\/815-2\/"]}]},{"@type":"ImageObject","inLanguage":"es","@id":"https:\/\/educacion.leopoldonchavez.com\/index.php\/815-2\/#primaryimage","url":"https:\/\/educacion.leopoldonchavez.com\/wp-content\/uploads\/2026\/04\/INICIAL-1-1.jpg","contentUrl":"https:\/\/educacion.leopoldonchavez.com\/wp-content\/uploads\/2026\/04\/INICIAL-1-1.jpg","width":343,"height":147},{"@type":"BreadcrumbList","@id":"https:\/\/educacion.leopoldonchavez.com\/index.php\/815-2\/#breadcrumb","itemListElement":[{"@type":"ListItem","position":1,"name":"Portada","item":"https:\/\/educacion.leopoldonchavez.com\/"},{"@type":"ListItem","position":2,"name":"INICIAL"}]},{"@type":"WebSite","@id":"https:\/\/educacion.leopoldonchavez.com\/#website","url":"https:\/\/educacion.leopoldonchavez.com\/","name":"UNIDAD EDUCATIVA LEOPOLDO N CHAVEZ","description":"LA ESPERANZA - PEDRO MONCAYO - PICHINCHA - ECUADOR","publisher":{"@id":"https:\/\/educacion.leopoldonchavez.com\/#organization"},"potentialAction":[{"@type":"SearchAction","target":{"@type":"EntryPoint","urlTemplate":"https:\/\/educacion.leopoldonchavez.com\/?s={search_term_string}"},"query-input":{"@type":"PropertyValueSpecification","valueRequired":true,"valueName":"search_term_string"}}],"inLanguage":"es"},{"@type":"Organization","@id":"https:\/\/educacion.leopoldonchavez.com\/#organization","name":"UNIDAD EDUCATIVA LEOPOLDO N CHAVEZ","url":"https:\/\/educacion.leopoldonchavez.com\/","logo":{"@type":"ImageObject","inLanguage":"es","@id":"https:\/\/educacion.leopoldonchavez.com\/#\/schema\/logo\/image\/","url":"https:\/\/educacion.leopoldonchavez.com\/wp-content\/uploads\/2023\/08\/ROTULO-UE-LEOPOLDO-3.png","contentUrl":"https:\/\/educacion.leopoldonchavez.com\/wp-content\/uploads\/2023\/08\/ROTULO-UE-LEOPOLDO-3.png","width":4819,"height":1305,"caption":"UNIDAD EDUCATIVA LEOPOLDO N CHAVEZ"},"image":{"@id":"https:\/\/educacion.leopoldonchavez.com\/#\/schema\/logo\/image\/"}}]}},"_links":{"self":[{"href":"https:\/\/educacion.leopoldonchavez.com\/index.php\/wp-json\/wp\/v2\/pages\/815","targetHints":{"allow":["GET"]}}],"collection":[{"href":"https:\/\/educacion.leopoldonchavez.com\/index.php\/wp-json\/wp\/v2\/pages"}],"about":[{"href":"https:\/\/educacion.leopoldonchavez.com\/index.php\/wp-json\/wp\/v2\/types\/page"}],"author":[{"embeddable":true,"href":"https:\/\/educacion.leopoldonchavez.com\/index.php\/wp-json\/wp\/v2\/users\/2"}],"replies":[{"embeddable":true,"href":"https:\/\/educacion.leopoldonchavez.com\/index.php\/wp-json\/wp\/v2\/comments?post=815"}],"version-history":[{"count":5,"href":"https:\/\/educacion.leopoldonchavez.com\/index.php\/wp-json\/wp\/v2\/pages\/815\/revisions"}],"predecessor-version":[{"id":863,"href":"https:\/\/educacion.leopoldonchavez.com\/index.php\/wp-json\/wp\/v2\/pages\/815\/revisions\/863"}],"wp:attachment":[{"href":"https:\/\/educacion.leopoldonchavez.com\/index.php\/wp-json\/wp\/v2\/media?parent=815"}],"curies":[{"name":"wp","href":"https:\/\/api.w.org\/{rel}","templated":true}]}}