{"id":872,"date":"2026-04-29T14:54:47","date_gmt":"2026-04-29T19:54:47","guid":{"rendered":"https:\/\/educacion.leopoldonchavez.com\/?page_id=872"},"modified":"2026-04-29T15:17:47","modified_gmt":"2026-04-29T20:17:47","slug":"872-2","status":"publish","type":"page","link":"https:\/\/educacion.leopoldonchavez.com\/index.php\/872-2\/","title":{"rendered":"MEDIA"},"content":{"rendered":"\n<p>EGB _ MEDIA<\/p>\n\n\n\n<h2 class=\"wp-block-heading\">QUINTO EGB<\/h2>\n\n\n\n<div class=\"wp-block-columns is-layout-flex wp-container-core-columns-is-layout-9d6595d7 wp-block-columns-is-layout-flex\">\n<div class=\"wp-block-column is-layout-flow wp-block-column-is-layout-flow\">\n<figure class=\"wp-block-image size-full\"><img fetchpriority=\"high\" decoding=\"async\" width=\"215\" height=\"234\" src=\"https:\/\/educacion.leopoldonchavez.com\/wp-content\/uploads\/2026\/04\/QUINTO-2.jpg\" alt=\"\" class=\"wp-image-876\"\/><\/figure>\n<\/div>\n\n\n\n<div class=\"wp-block-column is-layout-flow wp-block-column-is-layout-flow\">\n<p>En quinto de Educaci\u00f3n General B\u00e1sica de la Unidad Educativa Leopoldo N. Ch\u00e1vez se desarrollan aprendizajes fundamentales en \u00e1reas como Lengua y Literatura, Matem\u00e1tica, Ciencias Naturales y Estudios Sociales, fortaleciendo el pensamiento cr\u00edtico y la participaci\u00f3n activa de los estudiantes; adem\u00e1s, se promueve el trabajo colaborativo, la responsabilidad y el respeto mediante actividades pr\u00e1cticas, proyectos y el uso de recursos tecnol\u00f3gicos, destacando el acompa\u00f1amiento constante de los docentes y el uso adecuado de espacios educativos, con el objetivo de brindar una formaci\u00f3n integral que prepare a los estudiantes para futuros retos acad\u00e9micos y personales.<\/p>\n<\/div>\n<\/div>\n\n\n\n<h2 class=\"wp-block-heading has-text-align-center\">SEXTO EGB<\/h2>\n\n\n\n<div class=\"wp-block-columns is-layout-flex wp-container-core-columns-is-layout-9d6595d7 wp-block-columns-is-layout-flex\">\n<div class=\"wp-block-column is-layout-flow wp-block-column-is-layout-flow\">\n<p>En sexto de Educaci\u00f3n General B\u00e1sica de la Unidad Educativa Leopoldo N. Ch\u00e1vez se fortalecen y consolidan los aprendizajes en \u00e1reas como Lengua y Literatura, Matem\u00e1tica, Ciencias Naturales y Estudios Sociales, promoviendo el an\u00e1lisis, la reflexi\u00f3n y la autonom\u00eda en los estudiantes; adem\u00e1s, se impulsa el trabajo colaborativo, la investigaci\u00f3n y el uso responsable de recursos tecnol\u00f3gicos, junto con el acompa\u00f1amiento permanente de los docentes, fomentando valores como el respeto y la responsabilidad, con el prop\u00f3sito de lograr una formaci\u00f3n integral que prepare a los estudiantes para mayores desaf\u00edos acad\u00e9micos.<\/p>\n<\/div>\n\n\n\n<div class=\"wp-block-column is-layout-flow wp-block-column-is-layout-flow\">\n<figure class=\"wp-block-image size-full\"><img decoding=\"async\" width=\"259\" height=\"194\" src=\"https:\/\/educacion.leopoldonchavez.com\/wp-content\/uploads\/2026\/04\/SEXTO-EGB.jpg\" alt=\"\" class=\"wp-image-878\"\/><\/figure>\n<\/div>\n<\/div>\n\n\n\n<h2 class=\"wp-block-heading\">S\u00c9PTIMO EGB<\/h2>\n\n\n\n<div class=\"wp-block-columns is-layout-flex wp-container-core-columns-is-layout-9d6595d7 wp-block-columns-is-layout-flex\">\n<div class=\"wp-block-column is-layout-flow wp-block-column-is-layout-flow\">\n<figure class=\"wp-block-image size-full\"><img decoding=\"async\" width=\"209\" height=\"241\" src=\"https:\/\/educacion.leopoldonchavez.com\/wp-content\/uploads\/2026\/04\/SEPTIMO.jpg\" alt=\"\" class=\"wp-image-879\"\/><\/figure>\n<\/div>\n\n\n\n<div class=\"wp-block-column is-layout-flow wp-block-column-is-layout-flow\">\n<p>En s\u00e9ptimo de Educaci\u00f3n General B\u00e1sica de la Unidad Educativa Leopoldo N. Ch\u00e1vez se consolidan los conocimientos adquiridos y se profundiza en \u00e1reas como Lengua y Literatura, Matem\u00e1tica, Ciencias Naturales y Estudios Sociales, promoviendo el pensamiento cr\u00edtico, la investigaci\u00f3n y la autonom\u00eda en el aprendizaje; adem\u00e1s, se fortalece el trabajo colaborativo, el uso responsable de la tecnolog\u00eda y la pr\u00e1ctica de valores como el respeto, la responsabilidad y la disciplina, con el acompa\u00f1amiento constante de los docentes, preparando a los estudiantes para su transici\u00f3n a niveles superiores con una formaci\u00f3n integral s\u00f3lida.<\/p>\n<\/div>\n<\/div>\n\n\n\n<p><\/p>\n","protected":false},"excerpt":{"rendered":"<p>EGB _ MEDIA QUINTO EGB En quinto de Educaci\u00f3n General B\u00e1sica de la Unidad Educativa Leopoldo N. Ch\u00e1vez se desarrollan aprendizajes fundamentales en \u00e1reas como Lengua y Literatura, Matem\u00e1tica, Ciencias Naturales y Estudios Sociales, fortaleciendo el pensamiento cr\u00edtico y la participaci\u00f3n activa de los estudiantes; adem\u00e1s, se promueve el trabajo colaborativo, la responsabilidad y el [&hellip;]<\/p>\n","protected":false},"author":2,"featured_media":0,"parent":0,"menu_order":0,"comment_status":"closed","ping_status":"closed","template":"","meta":{"footnotes":""},"class_list":["post-872","page","type-page","status-publish","hentry"],"yoast_head":"<!-- This site is optimized with the Yoast SEO plugin v27.5 - https:\/\/yoast.com\/product\/yoast-seo-wordpress\/ -->\n<title>MEDIA - UNIDAD EDUCATIVA LEOPOLDO N CHAVEZ<\/title>\n<meta name=\"robots\" content=\"index, follow, max-snippet:-1, max-image-preview:large, max-video-preview:-1\" \/>\n<link rel=\"canonical\" href=\"https:\/\/educacion.leopoldonchavez.com\/index.php\/872-2\/\" \/>\n<meta property=\"og:locale\" content=\"es_ES\" \/>\n<meta property=\"og:type\" content=\"article\" \/>\n<meta property=\"og:title\" content=\"MEDIA - UNIDAD EDUCATIVA LEOPOLDO N CHAVEZ\" \/>\n<meta property=\"og:description\" content=\"EGB _ MEDIA QUINTO EGB En quinto de Educaci\u00f3n General B\u00e1sica de la Unidad Educativa Leopoldo N. Ch\u00e1vez se desarrollan aprendizajes fundamentales en \u00e1reas como Lengua y Literatura, Matem\u00e1tica, Ciencias Naturales y Estudios Sociales, fortaleciendo el pensamiento cr\u00edtico y la participaci\u00f3n activa de los estudiantes; adem\u00e1s, se promueve el trabajo colaborativo, la responsabilidad y el [&hellip;]\" \/>\n<meta property=\"og:url\" content=\"https:\/\/educacion.leopoldonchavez.com\/index.php\/872-2\/\" \/>\n<meta property=\"og:site_name\" content=\"UNIDAD EDUCATIVA LEOPOLDO N CHAVEZ\" \/>\n<meta property=\"article:modified_time\" content=\"2026-04-29T20:17:47+00:00\" \/>\n<meta property=\"og:image\" content=\"https:\/\/educacion.leopoldonchavez.com\/wp-content\/uploads\/2026\/04\/QUINTO-2.jpg\" \/>\n\t<meta property=\"og:image:width\" content=\"215\" \/>\n\t<meta property=\"og:image:height\" content=\"234\" \/>\n\t<meta property=\"og:image:type\" content=\"image\/jpeg\" \/>\n<meta name=\"twitter:card\" content=\"summary_large_image\" \/>\n<meta name=\"twitter:label1\" content=\"Tiempo de lectura\" \/>\n\t<meta name=\"twitter:data1\" content=\"2 minutos\" \/>\n<script type=\"application\/ld+json\" class=\"yoast-schema-graph\">{\"@context\":\"https:\\\/\\\/schema.org\",\"@graph\":[{\"@type\":\"WebPage\",\"@id\":\"https:\\\/\\\/educacion.leopoldonchavez.com\\\/index.php\\\/872-2\\\/\",\"url\":\"https:\\\/\\\/educacion.leopoldonchavez.com\\\/index.php\\\/872-2\\\/\",\"name\":\"MEDIA - UNIDAD EDUCATIVA LEOPOLDO N CHAVEZ\",\"isPartOf\":{\"@id\":\"https:\\\/\\\/educacion.leopoldonchavez.com\\\/#website\"},\"primaryImageOfPage\":{\"@id\":\"https:\\\/\\\/educacion.leopoldonchavez.com\\\/index.php\\\/872-2\\\/#primaryimage\"},\"image\":{\"@id\":\"https:\\\/\\\/educacion.leopoldonchavez.com\\\/index.php\\\/872-2\\\/#primaryimage\"},\"thumbnailUrl\":\"https:\\\/\\\/educacion.leopoldonchavez.com\\\/wp-content\\\/uploads\\\/2026\\\/04\\\/QUINTO-2.jpg\",\"datePublished\":\"2026-04-29T19:54:47+00:00\",\"dateModified\":\"2026-04-29T20:17:47+00:00\",\"breadcrumb\":{\"@id\":\"https:\\\/\\\/educacion.leopoldonchavez.com\\\/index.php\\\/872-2\\\/#breadcrumb\"},\"inLanguage\":\"es\",\"potentialAction\":[{\"@type\":\"ReadAction\",\"target\":[\"https:\\\/\\\/educacion.leopoldonchavez.com\\\/index.php\\\/872-2\\\/\"]}]},{\"@type\":\"ImageObject\",\"inLanguage\":\"es\",\"@id\":\"https:\\\/\\\/educacion.leopoldonchavez.com\\\/index.php\\\/872-2\\\/#primaryimage\",\"url\":\"https:\\\/\\\/educacion.leopoldonchavez.com\\\/wp-content\\\/uploads\\\/2026\\\/04\\\/QUINTO-2.jpg\",\"contentUrl\":\"https:\\\/\\\/educacion.leopoldonchavez.com\\\/wp-content\\\/uploads\\\/2026\\\/04\\\/QUINTO-2.jpg\",\"width\":215,\"height\":234},{\"@type\":\"BreadcrumbList\",\"@id\":\"https:\\\/\\\/educacion.leopoldonchavez.com\\\/index.php\\\/872-2\\\/#breadcrumb\",\"itemListElement\":[{\"@type\":\"ListItem\",\"position\":1,\"name\":\"Portada\",\"item\":\"https:\\\/\\\/educacion.leopoldonchavez.com\\\/\"},{\"@type\":\"ListItem\",\"position\":2,\"name\":\"MEDIA\"}]},{\"@type\":\"WebSite\",\"@id\":\"https:\\\/\\\/educacion.leopoldonchavez.com\\\/#website\",\"url\":\"https:\\\/\\\/educacion.leopoldonchavez.com\\\/\",\"name\":\"UNIDAD EDUCATIVA LEOPOLDO N CHAVEZ\",\"description\":\"LA ESPERANZA - PEDRO MONCAYO - PICHINCHA - ECUADOR\",\"publisher\":{\"@id\":\"https:\\\/\\\/educacion.leopoldonchavez.com\\\/#organization\"},\"potentialAction\":[{\"@type\":\"SearchAction\",\"target\":{\"@type\":\"EntryPoint\",\"urlTemplate\":\"https:\\\/\\\/educacion.leopoldonchavez.com\\\/?s={search_term_string}\"},\"query-input\":{\"@type\":\"PropertyValueSpecification\",\"valueRequired\":true,\"valueName\":\"search_term_string\"}}],\"inLanguage\":\"es\"},{\"@type\":\"Organization\",\"@id\":\"https:\\\/\\\/educacion.leopoldonchavez.com\\\/#organization\",\"name\":\"UNIDAD EDUCATIVA LEOPOLDO N CHAVEZ\",\"url\":\"https:\\\/\\\/educacion.leopoldonchavez.com\\\/\",\"logo\":{\"@type\":\"ImageObject\",\"inLanguage\":\"es\",\"@id\":\"https:\\\/\\\/educacion.leopoldonchavez.com\\\/#\\\/schema\\\/logo\\\/image\\\/\",\"url\":\"https:\\\/\\\/educacion.leopoldonchavez.com\\\/wp-content\\\/uploads\\\/2023\\\/08\\\/ROTULO-UE-LEOPOLDO-3.png\",\"contentUrl\":\"https:\\\/\\\/educacion.leopoldonchavez.com\\\/wp-content\\\/uploads\\\/2023\\\/08\\\/ROTULO-UE-LEOPOLDO-3.png\",\"width\":4819,\"height\":1305,\"caption\":\"UNIDAD EDUCATIVA LEOPOLDO N CHAVEZ\"},\"image\":{\"@id\":\"https:\\\/\\\/educacion.leopoldonchavez.com\\\/#\\\/schema\\\/logo\\\/image\\\/\"}}]}<\/script>\n<!-- \/ Yoast SEO plugin. -->","yoast_head_json":{"title":"MEDIA - UNIDAD EDUCATIVA LEOPOLDO N CHAVEZ","robots":{"index":"index","follow":"follow","max-snippet":"max-snippet:-1","max-image-preview":"max-image-preview:large","max-video-preview":"max-video-preview:-1"},"canonical":"https:\/\/educacion.leopoldonchavez.com\/index.php\/872-2\/","og_locale":"es_ES","og_type":"article","og_title":"MEDIA - UNIDAD EDUCATIVA LEOPOLDO N CHAVEZ","og_description":"EGB _ MEDIA QUINTO EGB En quinto de Educaci\u00f3n General B\u00e1sica de la Unidad Educativa Leopoldo N. Ch\u00e1vez se desarrollan aprendizajes fundamentales en \u00e1reas como Lengua y Literatura, Matem\u00e1tica, Ciencias Naturales y Estudios Sociales, fortaleciendo el pensamiento cr\u00edtico y la participaci\u00f3n activa de los estudiantes; adem\u00e1s, se promueve el trabajo colaborativo, la responsabilidad y el [&hellip;]","og_url":"https:\/\/educacion.leopoldonchavez.com\/index.php\/872-2\/","og_site_name":"UNIDAD EDUCATIVA LEOPOLDO N CHAVEZ","article_modified_time":"2026-04-29T20:17:47+00:00","og_image":[{"width":215,"height":234,"url":"https:\/\/educacion.leopoldonchavez.com\/wp-content\/uploads\/2026\/04\/QUINTO-2.jpg","type":"image\/jpeg"}],"twitter_card":"summary_large_image","twitter_misc":{"Tiempo de lectura":"2 minutos"},"schema":{"@context":"https:\/\/schema.org","@graph":[{"@type":"WebPage","@id":"https:\/\/educacion.leopoldonchavez.com\/index.php\/872-2\/","url":"https:\/\/educacion.leopoldonchavez.com\/index.php\/872-2\/","name":"MEDIA - UNIDAD EDUCATIVA LEOPOLDO N CHAVEZ","isPartOf":{"@id":"https:\/\/educacion.leopoldonchavez.com\/#website"},"primaryImageOfPage":{"@id":"https:\/\/educacion.leopoldonchavez.com\/index.php\/872-2\/#primaryimage"},"image":{"@id":"https:\/\/educacion.leopoldonchavez.com\/index.php\/872-2\/#primaryimage"},"thumbnailUrl":"https:\/\/educacion.leopoldonchavez.com\/wp-content\/uploads\/2026\/04\/QUINTO-2.jpg","datePublished":"2026-04-29T19:54:47+00:00","dateModified":"2026-04-29T20:17:47+00:00","breadcrumb":{"@id":"https:\/\/educacion.leopoldonchavez.com\/index.php\/872-2\/#breadcrumb"},"inLanguage":"es","potentialAction":[{"@type":"ReadAction","target":["https:\/\/educacion.leopoldonchavez.com\/index.php\/872-2\/"]}]},{"@type":"ImageObject","inLanguage":"es","@id":"https:\/\/educacion.leopoldonchavez.com\/index.php\/872-2\/#primaryimage","url":"https:\/\/educacion.leopoldonchavez.com\/wp-content\/uploads\/2026\/04\/QUINTO-2.jpg","contentUrl":"https:\/\/educacion.leopoldonchavez.com\/wp-content\/uploads\/2026\/04\/QUINTO-2.jpg","width":215,"height":234},{"@type":"BreadcrumbList","@id":"https:\/\/educacion.leopoldonchavez.com\/index.php\/872-2\/#breadcrumb","itemListElement":[{"@type":"ListItem","position":1,"name":"Portada","item":"https:\/\/educacion.leopoldonchavez.com\/"},{"@type":"ListItem","position":2,"name":"MEDIA"}]},{"@type":"WebSite","@id":"https:\/\/educacion.leopoldonchavez.com\/#website","url":"https:\/\/educacion.leopoldonchavez.com\/","name":"UNIDAD EDUCATIVA LEOPOLDO N CHAVEZ","description":"LA ESPERANZA - PEDRO MONCAYO - PICHINCHA - ECUADOR","publisher":{"@id":"https:\/\/educacion.leopoldonchavez.com\/#organization"},"potentialAction":[{"@type":"SearchAction","target":{"@type":"EntryPoint","urlTemplate":"https:\/\/educacion.leopoldonchavez.com\/?s={search_term_string}"},"query-input":{"@type":"PropertyValueSpecification","valueRequired":true,"valueName":"search_term_string"}}],"inLanguage":"es"},{"@type":"Organization","@id":"https:\/\/educacion.leopoldonchavez.com\/#organization","name":"UNIDAD EDUCATIVA LEOPOLDO N CHAVEZ","url":"https:\/\/educacion.leopoldonchavez.com\/","logo":{"@type":"ImageObject","inLanguage":"es","@id":"https:\/\/educacion.leopoldonchavez.com\/#\/schema\/logo\/image\/","url":"https:\/\/educacion.leopoldonchavez.com\/wp-content\/uploads\/2023\/08\/ROTULO-UE-LEOPOLDO-3.png","contentUrl":"https:\/\/educacion.leopoldonchavez.com\/wp-content\/uploads\/2023\/08\/ROTULO-UE-LEOPOLDO-3.png","width":4819,"height":1305,"caption":"UNIDAD EDUCATIVA LEOPOLDO N CHAVEZ"},"image":{"@id":"https:\/\/educacion.leopoldonchavez.com\/#\/schema\/logo\/image\/"}}]}},"_links":{"self":[{"href":"https:\/\/educacion.leopoldonchavez.com\/index.php\/wp-json\/wp\/v2\/pages\/872","targetHints":{"allow":["GET"]}}],"collection":[{"href":"https:\/\/educacion.leopoldonchavez.com\/index.php\/wp-json\/wp\/v2\/pages"}],"about":[{"href":"https:\/\/educacion.leopoldonchavez.com\/index.php\/wp-json\/wp\/v2\/types\/page"}],"author":[{"embeddable":true,"href":"https:\/\/educacion.leopoldonchavez.com\/index.php\/wp-json\/wp\/v2\/users\/2"}],"replies":[{"embeddable":true,"href":"https:\/\/educacion.leopoldonchavez.com\/index.php\/wp-json\/wp\/v2\/comments?post=872"}],"version-history":[{"count":4,"href":"https:\/\/educacion.leopoldonchavez.com\/index.php\/wp-json\/wp\/v2\/pages\/872\/revisions"}],"predecessor-version":[{"id":903,"href":"https:\/\/educacion.leopoldonchavez.com\/index.php\/wp-json\/wp\/v2\/pages\/872\/revisions\/903"}],"wp:attachment":[{"href":"https:\/\/educacion.leopoldonchavez.com\/index.php\/wp-json\/wp\/v2\/media?parent=872"}],"curies":[{"name":"wp","href":"https:\/\/api.w.org\/{rel}","templated":true}]}}