{"id":882,"date":"2026-04-29T15:01:34","date_gmt":"2026-04-29T20:01:34","guid":{"rendered":"https:\/\/educacion.leopoldonchavez.com\/?page_id=882"},"modified":"2026-04-29T15:10:58","modified_gmt":"2026-04-29T20:10:58","slug":"egb_superior","status":"publish","type":"page","link":"https:\/\/educacion.leopoldonchavez.com\/index.php\/egb_superior\/","title":{"rendered":"EGB_SUPERIOR"},"content":{"rendered":"\n<h2 class=\"wp-block-heading\">OCTAVO<\/h2>\n\n\n\n<div class=\"wp-block-columns is-layout-flex wp-container-core-columns-is-layout-9d6595d7 wp-block-columns-is-layout-flex\">\n<div class=\"wp-block-column is-layout-flow wp-block-column-is-layout-flow\">\n<figure class=\"wp-block-image size-full\"><img fetchpriority=\"high\" decoding=\"async\" width=\"190\" height=\"266\" src=\"https:\/\/educacion.leopoldonchavez.com\/wp-content\/uploads\/2026\/04\/OCTAVO.jpg\" alt=\"\" class=\"wp-image-887\"\/><\/figure>\n<\/div>\n\n\n\n<div class=\"wp-block-column is-layout-flow wp-block-column-is-layout-flow\">\n<p>En octavo de Educaci\u00f3n General B\u00e1sica de la Unidad Educativa Leopoldo N. Ch\u00e1vez se promueve el desarrollo de habilidades anal\u00edticas, cr\u00edticas y reflexivas en \u00e1reas como Lengua y Literatura, Matem\u00e1tica, Ciencias Naturales y Estudios Sociales, fortaleciendo la investigaci\u00f3n, la autonom\u00eda y el pensamiento cient\u00edfico; adem\u00e1s, se impulsa el trabajo colaborativo, el uso adecuado de recursos tecnol\u00f3gicos y la pr\u00e1ctica de valores como el respeto, la responsabilidad y el compromiso, con el acompa\u00f1amiento permanente de los docentes, preparando a los estudiantes para asumir nuevos retos acad\u00e9micos en su proceso formativo.<\/p>\n<\/div>\n<\/div>\n\n\n\n<h2 class=\"wp-block-heading has-text-align-center\">NOVENO EGB<\/h2>\n\n\n\n<div class=\"wp-block-columns is-layout-flex wp-container-core-columns-is-layout-9d6595d7 wp-block-columns-is-layout-flex\">\n<div class=\"wp-block-column is-layout-flow wp-block-column-is-layout-flow\">\n<p>En noveno de Educaci\u00f3n General B\u00e1sica de la Unidad Educativa Leopoldo N. Ch\u00e1vez se consolidan aprendizajes m\u00e1s complejos en \u00e1reas como Lengua y Literatura, Matem\u00e1tica, Ciencias Naturales y Estudios Sociales, promoviendo el pensamiento cr\u00edtico, la argumentaci\u00f3n y la resoluci\u00f3n de problemas; adem\u00e1s, se fortalece la investigaci\u00f3n, el trabajo colaborativo y el uso responsable de la tecnolog\u00eda, junto con la pr\u00e1ctica de valores como la responsabilidad, el respeto y la autonom\u00eda, con el acompa\u00f1amiento constante de los docentes, preparando a los estudiantes para su transici\u00f3n hacia el nivel de Bachillerato con una formaci\u00f3n integral s\u00f3lida.<\/p>\n<\/div>\n\n\n\n<div class=\"wp-block-column is-layout-flow wp-block-column-is-layout-flow\">\n<figure class=\"wp-block-image size-full\"><img decoding=\"async\" width=\"190\" height=\"266\" src=\"https:\/\/educacion.leopoldonchavez.com\/wp-content\/uploads\/2026\/04\/NOVENO.jpg\" alt=\"\" class=\"wp-image-888\"\/><\/figure>\n<\/div>\n<\/div>\n\n\n\n<h2 class=\"wp-block-heading\">D\u00c9CIMO EGB<\/h2>\n\n\n\n<div class=\"wp-block-columns is-layout-flex wp-container-core-columns-is-layout-9d6595d7 wp-block-columns-is-layout-flex\">\n<div class=\"wp-block-column is-layout-flow wp-block-column-is-layout-flow\">\n<figure class=\"wp-block-image size-full\"><img decoding=\"async\" width=\"248\" height=\"203\" src=\"https:\/\/educacion.leopoldonchavez.com\/wp-content\/uploads\/2026\/04\/DECIMO.jpg\" alt=\"\" class=\"wp-image-889\"\/><\/figure>\n<\/div>\n\n\n\n<div class=\"wp-block-column is-layout-flow wp-block-column-is-layout-flow\">\n<p>En d\u00e9cimo de Educaci\u00f3n General B\u00e1sica de la Unidad Educativa Leopoldo N. Ch\u00e1vez se fortalecen y consolidan los conocimientos en \u00e1reas fundamentales como Lengua y Literatura, Matem\u00e1tica, Ciencias Naturales y Estudios Sociales, desarrollando en los estudiantes el pensamiento cr\u00edtico, la capacidad de an\u00e1lisis, la resoluci\u00f3n de problemas y la toma de decisiones; adem\u00e1s, se promueve la investigaci\u00f3n, el trabajo colaborativo y el uso responsable de la tecnolog\u00eda, junto con la pr\u00e1ctica constante de valores como la responsabilidad, el respeto y la autonom\u00eda, con el acompa\u00f1amiento de los docentes, preparando a los estudiantes para el ingreso al Bachillerato con una formaci\u00f3n integral y s\u00f3lida.<\/p>\n<\/div>\n<\/div>\n","protected":false},"excerpt":{"rendered":"<p>OCTAVO En octavo de Educaci\u00f3n General B\u00e1sica de la Unidad Educativa Leopoldo N. Ch\u00e1vez se promueve el desarrollo de habilidades anal\u00edticas, cr\u00edticas y reflexivas en \u00e1reas como Lengua y Literatura, Matem\u00e1tica, Ciencias Naturales y Estudios Sociales, fortaleciendo la investigaci\u00f3n, la autonom\u00eda y el pensamiento cient\u00edfico; adem\u00e1s, se impulsa el trabajo colaborativo, el uso adecuado de [&hellip;]<\/p>\n","protected":false},"author":2,"featured_media":0,"parent":0,"menu_order":0,"comment_status":"closed","ping_status":"closed","template":"","meta":{"footnotes":""},"class_list":["post-882","page","type-page","status-publish","hentry"],"yoast_head":"<!-- This site is optimized with the Yoast SEO plugin v27.5 - https:\/\/yoast.com\/product\/yoast-seo-wordpress\/ -->\n<title>EGB_SUPERIOR - UNIDAD EDUCATIVA LEOPOLDO N CHAVEZ<\/title>\n<meta name=\"robots\" content=\"index, follow, max-snippet:-1, max-image-preview:large, max-video-preview:-1\" \/>\n<link rel=\"canonical\" href=\"https:\/\/educacion.leopoldonchavez.com\/index.php\/egb_superior\/\" \/>\n<meta property=\"og:locale\" content=\"es_ES\" \/>\n<meta property=\"og:type\" content=\"article\" \/>\n<meta property=\"og:title\" content=\"EGB_SUPERIOR - UNIDAD EDUCATIVA LEOPOLDO N CHAVEZ\" \/>\n<meta property=\"og:description\" content=\"OCTAVO En octavo de Educaci\u00f3n General B\u00e1sica de la Unidad Educativa Leopoldo N. Ch\u00e1vez se promueve el desarrollo de habilidades anal\u00edticas, cr\u00edticas y reflexivas en \u00e1reas como Lengua y Literatura, Matem\u00e1tica, Ciencias Naturales y Estudios Sociales, fortaleciendo la investigaci\u00f3n, la autonom\u00eda y el pensamiento cient\u00edfico; adem\u00e1s, se impulsa el trabajo colaborativo, el uso adecuado de [&hellip;]\" \/>\n<meta property=\"og:url\" content=\"https:\/\/educacion.leopoldonchavez.com\/index.php\/egb_superior\/\" \/>\n<meta property=\"og:site_name\" content=\"UNIDAD EDUCATIVA LEOPOLDO N CHAVEZ\" \/>\n<meta property=\"article:modified_time\" content=\"2026-04-29T20:10:58+00:00\" \/>\n<meta property=\"og:image\" content=\"https:\/\/educacion.leopoldonchavez.com\/wp-content\/uploads\/2026\/04\/OCTAVO.jpg\" \/>\n\t<meta property=\"og:image:width\" content=\"190\" \/>\n\t<meta property=\"og:image:height\" content=\"266\" \/>\n\t<meta property=\"og:image:type\" content=\"image\/jpeg\" \/>\n<meta name=\"twitter:card\" content=\"summary_large_image\" \/>\n<meta name=\"twitter:label1\" content=\"Tiempo de lectura\" \/>\n\t<meta name=\"twitter:data1\" content=\"2 minutos\" \/>\n<script type=\"application\/ld+json\" class=\"yoast-schema-graph\">{\"@context\":\"https:\\\/\\\/schema.org\",\"@graph\":[{\"@type\":\"WebPage\",\"@id\":\"https:\\\/\\\/educacion.leopoldonchavez.com\\\/index.php\\\/egb_superior\\\/\",\"url\":\"https:\\\/\\\/educacion.leopoldonchavez.com\\\/index.php\\\/egb_superior\\\/\",\"name\":\"EGB_SUPERIOR - UNIDAD EDUCATIVA LEOPOLDO N CHAVEZ\",\"isPartOf\":{\"@id\":\"https:\\\/\\\/educacion.leopoldonchavez.com\\\/#website\"},\"primaryImageOfPage\":{\"@id\":\"https:\\\/\\\/educacion.leopoldonchavez.com\\\/index.php\\\/egb_superior\\\/#primaryimage\"},\"image\":{\"@id\":\"https:\\\/\\\/educacion.leopoldonchavez.com\\\/index.php\\\/egb_superior\\\/#primaryimage\"},\"thumbnailUrl\":\"https:\\\/\\\/educacion.leopoldonchavez.com\\\/wp-content\\\/uploads\\\/2026\\\/04\\\/OCTAVO.jpg\",\"datePublished\":\"2026-04-29T20:01:34+00:00\",\"dateModified\":\"2026-04-29T20:10:58+00:00\",\"breadcrumb\":{\"@id\":\"https:\\\/\\\/educacion.leopoldonchavez.com\\\/index.php\\\/egb_superior\\\/#breadcrumb\"},\"inLanguage\":\"es\",\"potentialAction\":[{\"@type\":\"ReadAction\",\"target\":[\"https:\\\/\\\/educacion.leopoldonchavez.com\\\/index.php\\\/egb_superior\\\/\"]}]},{\"@type\":\"ImageObject\",\"inLanguage\":\"es\",\"@id\":\"https:\\\/\\\/educacion.leopoldonchavez.com\\\/index.php\\\/egb_superior\\\/#primaryimage\",\"url\":\"https:\\\/\\\/educacion.leopoldonchavez.com\\\/wp-content\\\/uploads\\\/2026\\\/04\\\/OCTAVO.jpg\",\"contentUrl\":\"https:\\\/\\\/educacion.leopoldonchavez.com\\\/wp-content\\\/uploads\\\/2026\\\/04\\\/OCTAVO.jpg\",\"width\":190,\"height\":266},{\"@type\":\"BreadcrumbList\",\"@id\":\"https:\\\/\\\/educacion.leopoldonchavez.com\\\/index.php\\\/egb_superior\\\/#breadcrumb\",\"itemListElement\":[{\"@type\":\"ListItem\",\"position\":1,\"name\":\"Portada\",\"item\":\"https:\\\/\\\/educacion.leopoldonchavez.com\\\/\"},{\"@type\":\"ListItem\",\"position\":2,\"name\":\"EGB_SUPERIOR\"}]},{\"@type\":\"WebSite\",\"@id\":\"https:\\\/\\\/educacion.leopoldonchavez.com\\\/#website\",\"url\":\"https:\\\/\\\/educacion.leopoldonchavez.com\\\/\",\"name\":\"UNIDAD EDUCATIVA LEOPOLDO N CHAVEZ\",\"description\":\"LA ESPERANZA - PEDRO MONCAYO - PICHINCHA - ECUADOR\",\"publisher\":{\"@id\":\"https:\\\/\\\/educacion.leopoldonchavez.com\\\/#organization\"},\"potentialAction\":[{\"@type\":\"SearchAction\",\"target\":{\"@type\":\"EntryPoint\",\"urlTemplate\":\"https:\\\/\\\/educacion.leopoldonchavez.com\\\/?s={search_term_string}\"},\"query-input\":{\"@type\":\"PropertyValueSpecification\",\"valueRequired\":true,\"valueName\":\"search_term_string\"}}],\"inLanguage\":\"es\"},{\"@type\":\"Organization\",\"@id\":\"https:\\\/\\\/educacion.leopoldonchavez.com\\\/#organization\",\"name\":\"UNIDAD EDUCATIVA LEOPOLDO N CHAVEZ\",\"url\":\"https:\\\/\\\/educacion.leopoldonchavez.com\\\/\",\"logo\":{\"@type\":\"ImageObject\",\"inLanguage\":\"es\",\"@id\":\"https:\\\/\\\/educacion.leopoldonchavez.com\\\/#\\\/schema\\\/logo\\\/image\\\/\",\"url\":\"https:\\\/\\\/educacion.leopoldonchavez.com\\\/wp-content\\\/uploads\\\/2023\\\/08\\\/ROTULO-UE-LEOPOLDO-3.png\",\"contentUrl\":\"https:\\\/\\\/educacion.leopoldonchavez.com\\\/wp-content\\\/uploads\\\/2023\\\/08\\\/ROTULO-UE-LEOPOLDO-3.png\",\"width\":4819,\"height\":1305,\"caption\":\"UNIDAD EDUCATIVA LEOPOLDO N CHAVEZ\"},\"image\":{\"@id\":\"https:\\\/\\\/educacion.leopoldonchavez.com\\\/#\\\/schema\\\/logo\\\/image\\\/\"}}]}<\/script>\n<!-- \/ Yoast SEO plugin. -->","yoast_head_json":{"title":"EGB_SUPERIOR - UNIDAD EDUCATIVA LEOPOLDO N CHAVEZ","robots":{"index":"index","follow":"follow","max-snippet":"max-snippet:-1","max-image-preview":"max-image-preview:large","max-video-preview":"max-video-preview:-1"},"canonical":"https:\/\/educacion.leopoldonchavez.com\/index.php\/egb_superior\/","og_locale":"es_ES","og_type":"article","og_title":"EGB_SUPERIOR - UNIDAD EDUCATIVA LEOPOLDO N CHAVEZ","og_description":"OCTAVO En octavo de Educaci\u00f3n General B\u00e1sica de la Unidad Educativa Leopoldo N. Ch\u00e1vez se promueve el desarrollo de habilidades anal\u00edticas, cr\u00edticas y reflexivas en \u00e1reas como Lengua y Literatura, Matem\u00e1tica, Ciencias Naturales y Estudios Sociales, fortaleciendo la investigaci\u00f3n, la autonom\u00eda y el pensamiento cient\u00edfico; adem\u00e1s, se impulsa el trabajo colaborativo, el uso adecuado de [&hellip;]","og_url":"https:\/\/educacion.leopoldonchavez.com\/index.php\/egb_superior\/","og_site_name":"UNIDAD EDUCATIVA LEOPOLDO N CHAVEZ","article_modified_time":"2026-04-29T20:10:58+00:00","og_image":[{"width":190,"height":266,"url":"https:\/\/educacion.leopoldonchavez.com\/wp-content\/uploads\/2026\/04\/OCTAVO.jpg","type":"image\/jpeg"}],"twitter_card":"summary_large_image","twitter_misc":{"Tiempo de lectura":"2 minutos"},"schema":{"@context":"https:\/\/schema.org","@graph":[{"@type":"WebPage","@id":"https:\/\/educacion.leopoldonchavez.com\/index.php\/egb_superior\/","url":"https:\/\/educacion.leopoldonchavez.com\/index.php\/egb_superior\/","name":"EGB_SUPERIOR - UNIDAD EDUCATIVA LEOPOLDO N CHAVEZ","isPartOf":{"@id":"https:\/\/educacion.leopoldonchavez.com\/#website"},"primaryImageOfPage":{"@id":"https:\/\/educacion.leopoldonchavez.com\/index.php\/egb_superior\/#primaryimage"},"image":{"@id":"https:\/\/educacion.leopoldonchavez.com\/index.php\/egb_superior\/#primaryimage"},"thumbnailUrl":"https:\/\/educacion.leopoldonchavez.com\/wp-content\/uploads\/2026\/04\/OCTAVO.jpg","datePublished":"2026-04-29T20:01:34+00:00","dateModified":"2026-04-29T20:10:58+00:00","breadcrumb":{"@id":"https:\/\/educacion.leopoldonchavez.com\/index.php\/egb_superior\/#breadcrumb"},"inLanguage":"es","potentialAction":[{"@type":"ReadAction","target":["https:\/\/educacion.leopoldonchavez.com\/index.php\/egb_superior\/"]}]},{"@type":"ImageObject","inLanguage":"es","@id":"https:\/\/educacion.leopoldonchavez.com\/index.php\/egb_superior\/#primaryimage","url":"https:\/\/educacion.leopoldonchavez.com\/wp-content\/uploads\/2026\/04\/OCTAVO.jpg","contentUrl":"https:\/\/educacion.leopoldonchavez.com\/wp-content\/uploads\/2026\/04\/OCTAVO.jpg","width":190,"height":266},{"@type":"BreadcrumbList","@id":"https:\/\/educacion.leopoldonchavez.com\/index.php\/egb_superior\/#breadcrumb","itemListElement":[{"@type":"ListItem","position":1,"name":"Portada","item":"https:\/\/educacion.leopoldonchavez.com\/"},{"@type":"ListItem","position":2,"name":"EGB_SUPERIOR"}]},{"@type":"WebSite","@id":"https:\/\/educacion.leopoldonchavez.com\/#website","url":"https:\/\/educacion.leopoldonchavez.com\/","name":"UNIDAD EDUCATIVA LEOPOLDO N CHAVEZ","description":"LA ESPERANZA - PEDRO MONCAYO - PICHINCHA - ECUADOR","publisher":{"@id":"https:\/\/educacion.leopoldonchavez.com\/#organization"},"potentialAction":[{"@type":"SearchAction","target":{"@type":"EntryPoint","urlTemplate":"https:\/\/educacion.leopoldonchavez.com\/?s={search_term_string}"},"query-input":{"@type":"PropertyValueSpecification","valueRequired":true,"valueName":"search_term_string"}}],"inLanguage":"es"},{"@type":"Organization","@id":"https:\/\/educacion.leopoldonchavez.com\/#organization","name":"UNIDAD EDUCATIVA LEOPOLDO N CHAVEZ","url":"https:\/\/educacion.leopoldonchavez.com\/","logo":{"@type":"ImageObject","inLanguage":"es","@id":"https:\/\/educacion.leopoldonchavez.com\/#\/schema\/logo\/image\/","url":"https:\/\/educacion.leopoldonchavez.com\/wp-content\/uploads\/2023\/08\/ROTULO-UE-LEOPOLDO-3.png","contentUrl":"https:\/\/educacion.leopoldonchavez.com\/wp-content\/uploads\/2023\/08\/ROTULO-UE-LEOPOLDO-3.png","width":4819,"height":1305,"caption":"UNIDAD EDUCATIVA LEOPOLDO N CHAVEZ"},"image":{"@id":"https:\/\/educacion.leopoldonchavez.com\/#\/schema\/logo\/image\/"}}]}},"_links":{"self":[{"href":"https:\/\/educacion.leopoldonchavez.com\/index.php\/wp-json\/wp\/v2\/pages\/882","targetHints":{"allow":["GET"]}}],"collection":[{"href":"https:\/\/educacion.leopoldonchavez.com\/index.php\/wp-json\/wp\/v2\/pages"}],"about":[{"href":"https:\/\/educacion.leopoldonchavez.com\/index.php\/wp-json\/wp\/v2\/types\/page"}],"author":[{"embeddable":true,"href":"https:\/\/educacion.leopoldonchavez.com\/index.php\/wp-json\/wp\/v2\/users\/2"}],"replies":[{"embeddable":true,"href":"https:\/\/educacion.leopoldonchavez.com\/index.php\/wp-json\/wp\/v2\/comments?post=882"}],"version-history":[{"count":2,"href":"https:\/\/educacion.leopoldonchavez.com\/index.php\/wp-json\/wp\/v2\/pages\/882\/revisions"}],"predecessor-version":[{"id":890,"href":"https:\/\/educacion.leopoldonchavez.com\/index.php\/wp-json\/wp\/v2\/pages\/882\/revisions\/890"}],"wp:attachment":[{"href":"https:\/\/educacion.leopoldonchavez.com\/index.php\/wp-json\/wp\/v2\/media?parent=882"}],"curies":[{"name":"wp","href":"https:\/\/api.w.org\/{rel}","templated":true}]}}