{"id":891,"date":"2026-04-29T15:12:10","date_gmt":"2026-04-29T20:12:10","guid":{"rendered":"https:\/\/educacion.leopoldonchavez.com\/?page_id=891"},"modified":"2026-04-29T15:15:18","modified_gmt":"2026-04-29T20:15:18","slug":"bachillerato","status":"publish","type":"page","link":"https:\/\/educacion.leopoldonchavez.com\/index.php\/bachillerato\/","title":{"rendered":"BACHILLERATO"},"content":{"rendered":"\n<h2 class=\"wp-block-heading\">PRIMERO BGU<\/h2>\n\n\n\n<div class=\"wp-block-columns is-layout-flex wp-container-core-columns-is-layout-9d6595d7 wp-block-columns-is-layout-flex\">\n<div class=\"wp-block-column is-layout-flow wp-block-column-is-layout-flow\">\n<figure class=\"wp-block-image size-full\"><img fetchpriority=\"high\" decoding=\"async\" width=\"225\" height=\"225\" src=\"https:\/\/educacion.leopoldonchavez.com\/wp-content\/uploads\/2026\/04\/PRIMERO-BGU.jpg\" alt=\"\" class=\"wp-image-895\" srcset=\"https:\/\/educacion.leopoldonchavez.com\/wp-content\/uploads\/2026\/04\/PRIMERO-BGU.jpg 225w, https:\/\/educacion.leopoldonchavez.com\/wp-content\/uploads\/2026\/04\/PRIMERO-BGU-150x150.jpg 150w\" sizes=\"(max-width: 225px) 100vw, 225px\" \/><\/figure>\n<\/div>\n\n\n\n<div class=\"wp-block-column is-layout-flow wp-block-column-is-layout-flow\">\n<p>En Primero de Bachillerato General Unificado de la Unidad Educativa Leopoldo N. Ch\u00e1vez se fortalece la formaci\u00f3n acad\u00e9mica de los estudiantes mediante el estudio profundo de \u00e1reas como Lengua y Literatura, Matem\u00e1tica, Ciencias Naturales y Ciencias Sociales, promoviendo el pensamiento cr\u00edtico, la investigaci\u00f3n, la argumentaci\u00f3n y la resoluci\u00f3n de problemas; adem\u00e1s, se impulsa el uso responsable de la tecnolog\u00eda, el trabajo colaborativo y la autonom\u00eda en el aprendizaje, junto con la pr\u00e1ctica constante de valores como la responsabilidad, el respeto y el compromiso, con el acompa\u00f1amiento de los docentes, preparando a los estudiantes para enfrentar con \u00e9xito los retos del Bachillerato y su futuro acad\u00e9mico y personal.<\/p>\n<\/div>\n<\/div>\n\n\n\n<h2 class=\"wp-block-heading has-text-align-center\">SEGUNDO BGU<\/h2>\n\n\n\n<div class=\"wp-block-columns is-layout-flex wp-container-core-columns-is-layout-9d6595d7 wp-block-columns-is-layout-flex\">\n<div class=\"wp-block-column is-layout-flow wp-block-column-is-layout-flow\">\n<p>En Segundo de Bachillerato General Unificado de la Unidad Educativa Leopoldo N. Ch\u00e1vez se consolida la formaci\u00f3n acad\u00e9mica de los estudiantes mediante el fortalecimiento de conocimientos en \u00e1reas como Lengua y Literatura, Matem\u00e1tica, Ciencias Naturales y Ciencias Sociales, promoviendo el pensamiento cr\u00edtico, la investigaci\u00f3n, la argumentaci\u00f3n y la toma de decisiones; adem\u00e1s, se impulsa el trabajo aut\u00f3nomo y colaborativo, el uso responsable de la tecnolog\u00eda y la pr\u00e1ctica de valores como la responsabilidad, el respeto y el compromiso, con el acompa\u00f1amiento de los docentes, preparando a los estudiantes para enfrentar con \u00e9xito la culminaci\u00f3n de su bachillerato y su proyecci\u00f3n hacia la educaci\u00f3n superior o el mundo laboral.<\/p>\n<\/div>\n\n\n\n<div class=\"wp-block-column is-layout-flow wp-block-column-is-layout-flow\">\n<figure class=\"wp-block-image size-full\"><img decoding=\"async\" width=\"257\" height=\"196\" src=\"https:\/\/educacion.leopoldonchavez.com\/wp-content\/uploads\/2026\/04\/SEGUNODO-BGU.jpg\" alt=\"\" class=\"wp-image-897\"\/><\/figure>\n<\/div>\n<\/div>\n\n\n\n<h2 class=\"wp-block-heading\">TERCERO BGU<\/h2>\n\n\n\n<div class=\"wp-block-columns is-layout-flex wp-container-core-columns-is-layout-9d6595d7 wp-block-columns-is-layout-flex\">\n<div class=\"wp-block-column is-layout-flow wp-block-column-is-layout-flow\">\n<figure class=\"wp-block-image size-full\"><img decoding=\"async\" width=\"225\" height=\"225\" src=\"https:\/\/educacion.leopoldonchavez.com\/wp-content\/uploads\/2026\/04\/TERCERO-BGU.png\" alt=\"\" class=\"wp-image-898\" srcset=\"https:\/\/educacion.leopoldonchavez.com\/wp-content\/uploads\/2026\/04\/TERCERO-BGU.png 225w, https:\/\/educacion.leopoldonchavez.com\/wp-content\/uploads\/2026\/04\/TERCERO-BGU-150x150.png 150w\" sizes=\"(max-width: 225px) 100vw, 225px\" \/><\/figure>\n<\/div>\n\n\n\n<div class=\"wp-block-column is-layout-flow wp-block-column-is-layout-flow\">\n<p>En Tercero de Bachillerato General Unificado de la Unidad Educativa Leopoldo N. Ch\u00e1vez se culmina la formaci\u00f3n acad\u00e9mica de los estudiantes, fortaleciendo y aplicando los conocimientos adquiridos en \u00e1reas como Lengua y Literatura, Matem\u00e1tica, Ciencias Naturales y Ciencias Sociales, promoviendo el pensamiento cr\u00edtico, la investigaci\u00f3n, la resoluci\u00f3n de problemas y la toma de decisiones; adem\u00e1s, se impulsa la autonom\u00eda, el trabajo responsable, el uso adecuado de la tecnolog\u00eda y la pr\u00e1ctica de valores como el respeto, la disciplina y el compromiso, con el acompa\u00f1amiento de los docentes, preparando a los estudiantes para su graduaci\u00f3n y su ingreso a la educaci\u00f3n superior o al \u00e1mbito laboral.<\/p>\n<\/div>\n<\/div>\n\n\n\n<p><\/p>\n","protected":false},"excerpt":{"rendered":"<p>PRIMERO BGU En Primero de Bachillerato General Unificado de la Unidad Educativa Leopoldo N. Ch\u00e1vez se fortalece la formaci\u00f3n acad\u00e9mica de los estudiantes mediante el estudio profundo de \u00e1reas como Lengua y Literatura, Matem\u00e1tica, Ciencias Naturales y Ciencias Sociales, promoviendo el pensamiento cr\u00edtico, la investigaci\u00f3n, la argumentaci\u00f3n y la resoluci\u00f3n de problemas; adem\u00e1s, se impulsa [&hellip;]<\/p>\n","protected":false},"author":2,"featured_media":0,"parent":0,"menu_order":0,"comment_status":"closed","ping_status":"closed","template":"","meta":{"footnotes":""},"class_list":["post-891","page","type-page","status-publish","hentry"],"yoast_head":"<!-- This site is optimized with the Yoast SEO plugin v27.5 - https:\/\/yoast.com\/product\/yoast-seo-wordpress\/ -->\n<title>BACHILLERATO - UNIDAD EDUCATIVA LEOPOLDO N CHAVEZ<\/title>\n<meta name=\"robots\" content=\"index, follow, max-snippet:-1, max-image-preview:large, max-video-preview:-1\" \/>\n<link rel=\"canonical\" href=\"https:\/\/educacion.leopoldonchavez.com\/index.php\/bachillerato\/\" \/>\n<meta property=\"og:locale\" content=\"es_ES\" \/>\n<meta property=\"og:type\" content=\"article\" \/>\n<meta property=\"og:title\" content=\"BACHILLERATO - UNIDAD EDUCATIVA LEOPOLDO N CHAVEZ\" \/>\n<meta property=\"og:description\" content=\"PRIMERO BGU En Primero de Bachillerato General Unificado de la Unidad Educativa Leopoldo N. Ch\u00e1vez se fortalece la formaci\u00f3n acad\u00e9mica de los estudiantes mediante el estudio profundo de \u00e1reas como Lengua y Literatura, Matem\u00e1tica, Ciencias Naturales y Ciencias Sociales, promoviendo el pensamiento cr\u00edtico, la investigaci\u00f3n, la argumentaci\u00f3n y la resoluci\u00f3n de problemas; adem\u00e1s, se impulsa [&hellip;]\" \/>\n<meta property=\"og:url\" content=\"https:\/\/educacion.leopoldonchavez.com\/index.php\/bachillerato\/\" \/>\n<meta property=\"og:site_name\" content=\"UNIDAD EDUCATIVA LEOPOLDO N CHAVEZ\" \/>\n<meta property=\"article:modified_time\" content=\"2026-04-29T20:15:18+00:00\" \/>\n<meta property=\"og:image\" content=\"https:\/\/educacion.leopoldonchavez.com\/wp-content\/uploads\/2026\/04\/PRIMERO-BGU.jpg\" \/>\n\t<meta property=\"og:image:width\" content=\"225\" \/>\n\t<meta property=\"og:image:height\" content=\"225\" \/>\n\t<meta property=\"og:image:type\" content=\"image\/jpeg\" \/>\n<meta name=\"twitter:card\" content=\"summary_large_image\" \/>\n<meta name=\"twitter:label1\" content=\"Tiempo de lectura\" \/>\n\t<meta name=\"twitter:data1\" content=\"2 minutos\" \/>\n<script type=\"application\/ld+json\" class=\"yoast-schema-graph\">{\"@context\":\"https:\\\/\\\/schema.org\",\"@graph\":[{\"@type\":\"WebPage\",\"@id\":\"https:\\\/\\\/educacion.leopoldonchavez.com\\\/index.php\\\/bachillerato\\\/\",\"url\":\"https:\\\/\\\/educacion.leopoldonchavez.com\\\/index.php\\\/bachillerato\\\/\",\"name\":\"BACHILLERATO - UNIDAD EDUCATIVA LEOPOLDO N CHAVEZ\",\"isPartOf\":{\"@id\":\"https:\\\/\\\/educacion.leopoldonchavez.com\\\/#website\"},\"primaryImageOfPage\":{\"@id\":\"https:\\\/\\\/educacion.leopoldonchavez.com\\\/index.php\\\/bachillerato\\\/#primaryimage\"},\"image\":{\"@id\":\"https:\\\/\\\/educacion.leopoldonchavez.com\\\/index.php\\\/bachillerato\\\/#primaryimage\"},\"thumbnailUrl\":\"https:\\\/\\\/educacion.leopoldonchavez.com\\\/wp-content\\\/uploads\\\/2026\\\/04\\\/PRIMERO-BGU.jpg\",\"datePublished\":\"2026-04-29T20:12:10+00:00\",\"dateModified\":\"2026-04-29T20:15:18+00:00\",\"breadcrumb\":{\"@id\":\"https:\\\/\\\/educacion.leopoldonchavez.com\\\/index.php\\\/bachillerato\\\/#breadcrumb\"},\"inLanguage\":\"es\",\"potentialAction\":[{\"@type\":\"ReadAction\",\"target\":[\"https:\\\/\\\/educacion.leopoldonchavez.com\\\/index.php\\\/bachillerato\\\/\"]}]},{\"@type\":\"ImageObject\",\"inLanguage\":\"es\",\"@id\":\"https:\\\/\\\/educacion.leopoldonchavez.com\\\/index.php\\\/bachillerato\\\/#primaryimage\",\"url\":\"https:\\\/\\\/educacion.leopoldonchavez.com\\\/wp-content\\\/uploads\\\/2026\\\/04\\\/PRIMERO-BGU.jpg\",\"contentUrl\":\"https:\\\/\\\/educacion.leopoldonchavez.com\\\/wp-content\\\/uploads\\\/2026\\\/04\\\/PRIMERO-BGU.jpg\",\"width\":225,\"height\":225},{\"@type\":\"BreadcrumbList\",\"@id\":\"https:\\\/\\\/educacion.leopoldonchavez.com\\\/index.php\\\/bachillerato\\\/#breadcrumb\",\"itemListElement\":[{\"@type\":\"ListItem\",\"position\":1,\"name\":\"Portada\",\"item\":\"https:\\\/\\\/educacion.leopoldonchavez.com\\\/\"},{\"@type\":\"ListItem\",\"position\":2,\"name\":\"BACHILLERATO\"}]},{\"@type\":\"WebSite\",\"@id\":\"https:\\\/\\\/educacion.leopoldonchavez.com\\\/#website\",\"url\":\"https:\\\/\\\/educacion.leopoldonchavez.com\\\/\",\"name\":\"UNIDAD EDUCATIVA LEOPOLDO N CHAVEZ\",\"description\":\"LA ESPERANZA - PEDRO MONCAYO - PICHINCHA - ECUADOR\",\"publisher\":{\"@id\":\"https:\\\/\\\/educacion.leopoldonchavez.com\\\/#organization\"},\"potentialAction\":[{\"@type\":\"SearchAction\",\"target\":{\"@type\":\"EntryPoint\",\"urlTemplate\":\"https:\\\/\\\/educacion.leopoldonchavez.com\\\/?s={search_term_string}\"},\"query-input\":{\"@type\":\"PropertyValueSpecification\",\"valueRequired\":true,\"valueName\":\"search_term_string\"}}],\"inLanguage\":\"es\"},{\"@type\":\"Organization\",\"@id\":\"https:\\\/\\\/educacion.leopoldonchavez.com\\\/#organization\",\"name\":\"UNIDAD EDUCATIVA LEOPOLDO N CHAVEZ\",\"url\":\"https:\\\/\\\/educacion.leopoldonchavez.com\\\/\",\"logo\":{\"@type\":\"ImageObject\",\"inLanguage\":\"es\",\"@id\":\"https:\\\/\\\/educacion.leopoldonchavez.com\\\/#\\\/schema\\\/logo\\\/image\\\/\",\"url\":\"https:\\\/\\\/educacion.leopoldonchavez.com\\\/wp-content\\\/uploads\\\/2023\\\/08\\\/ROTULO-UE-LEOPOLDO-3.png\",\"contentUrl\":\"https:\\\/\\\/educacion.leopoldonchavez.com\\\/wp-content\\\/uploads\\\/2023\\\/08\\\/ROTULO-UE-LEOPOLDO-3.png\",\"width\":4819,\"height\":1305,\"caption\":\"UNIDAD EDUCATIVA LEOPOLDO N CHAVEZ\"},\"image\":{\"@id\":\"https:\\\/\\\/educacion.leopoldonchavez.com\\\/#\\\/schema\\\/logo\\\/image\\\/\"}}]}<\/script>\n<!-- \/ Yoast SEO plugin. -->","yoast_head_json":{"title":"BACHILLERATO - UNIDAD EDUCATIVA LEOPOLDO N CHAVEZ","robots":{"index":"index","follow":"follow","max-snippet":"max-snippet:-1","max-image-preview":"max-image-preview:large","max-video-preview":"max-video-preview:-1"},"canonical":"https:\/\/educacion.leopoldonchavez.com\/index.php\/bachillerato\/","og_locale":"es_ES","og_type":"article","og_title":"BACHILLERATO - UNIDAD EDUCATIVA LEOPOLDO N CHAVEZ","og_description":"PRIMERO BGU En Primero de Bachillerato General Unificado de la Unidad Educativa Leopoldo N. Ch\u00e1vez se fortalece la formaci\u00f3n acad\u00e9mica de los estudiantes mediante el estudio profundo de \u00e1reas como Lengua y Literatura, Matem\u00e1tica, Ciencias Naturales y Ciencias Sociales, promoviendo el pensamiento cr\u00edtico, la investigaci\u00f3n, la argumentaci\u00f3n y la resoluci\u00f3n de problemas; adem\u00e1s, se impulsa [&hellip;]","og_url":"https:\/\/educacion.leopoldonchavez.com\/index.php\/bachillerato\/","og_site_name":"UNIDAD EDUCATIVA LEOPOLDO N CHAVEZ","article_modified_time":"2026-04-29T20:15:18+00:00","og_image":[{"width":225,"height":225,"url":"https:\/\/educacion.leopoldonchavez.com\/wp-content\/uploads\/2026\/04\/PRIMERO-BGU.jpg","type":"image\/jpeg"}],"twitter_card":"summary_large_image","twitter_misc":{"Tiempo de lectura":"2 minutos"},"schema":{"@context":"https:\/\/schema.org","@graph":[{"@type":"WebPage","@id":"https:\/\/educacion.leopoldonchavez.com\/index.php\/bachillerato\/","url":"https:\/\/educacion.leopoldonchavez.com\/index.php\/bachillerato\/","name":"BACHILLERATO - UNIDAD EDUCATIVA LEOPOLDO N CHAVEZ","isPartOf":{"@id":"https:\/\/educacion.leopoldonchavez.com\/#website"},"primaryImageOfPage":{"@id":"https:\/\/educacion.leopoldonchavez.com\/index.php\/bachillerato\/#primaryimage"},"image":{"@id":"https:\/\/educacion.leopoldonchavez.com\/index.php\/bachillerato\/#primaryimage"},"thumbnailUrl":"https:\/\/educacion.leopoldonchavez.com\/wp-content\/uploads\/2026\/04\/PRIMERO-BGU.jpg","datePublished":"2026-04-29T20:12:10+00:00","dateModified":"2026-04-29T20:15:18+00:00","breadcrumb":{"@id":"https:\/\/educacion.leopoldonchavez.com\/index.php\/bachillerato\/#breadcrumb"},"inLanguage":"es","potentialAction":[{"@type":"ReadAction","target":["https:\/\/educacion.leopoldonchavez.com\/index.php\/bachillerato\/"]}]},{"@type":"ImageObject","inLanguage":"es","@id":"https:\/\/educacion.leopoldonchavez.com\/index.php\/bachillerato\/#primaryimage","url":"https:\/\/educacion.leopoldonchavez.com\/wp-content\/uploads\/2026\/04\/PRIMERO-BGU.jpg","contentUrl":"https:\/\/educacion.leopoldonchavez.com\/wp-content\/uploads\/2026\/04\/PRIMERO-BGU.jpg","width":225,"height":225},{"@type":"BreadcrumbList","@id":"https:\/\/educacion.leopoldonchavez.com\/index.php\/bachillerato\/#breadcrumb","itemListElement":[{"@type":"ListItem","position":1,"name":"Portada","item":"https:\/\/educacion.leopoldonchavez.com\/"},{"@type":"ListItem","position":2,"name":"BACHILLERATO"}]},{"@type":"WebSite","@id":"https:\/\/educacion.leopoldonchavez.com\/#website","url":"https:\/\/educacion.leopoldonchavez.com\/","name":"UNIDAD EDUCATIVA LEOPOLDO N CHAVEZ","description":"LA ESPERANZA - PEDRO MONCAYO - PICHINCHA - ECUADOR","publisher":{"@id":"https:\/\/educacion.leopoldonchavez.com\/#organization"},"potentialAction":[{"@type":"SearchAction","target":{"@type":"EntryPoint","urlTemplate":"https:\/\/educacion.leopoldonchavez.com\/?s={search_term_string}"},"query-input":{"@type":"PropertyValueSpecification","valueRequired":true,"valueName":"search_term_string"}}],"inLanguage":"es"},{"@type":"Organization","@id":"https:\/\/educacion.leopoldonchavez.com\/#organization","name":"UNIDAD EDUCATIVA LEOPOLDO N CHAVEZ","url":"https:\/\/educacion.leopoldonchavez.com\/","logo":{"@type":"ImageObject","inLanguage":"es","@id":"https:\/\/educacion.leopoldonchavez.com\/#\/schema\/logo\/image\/","url":"https:\/\/educacion.leopoldonchavez.com\/wp-content\/uploads\/2023\/08\/ROTULO-UE-LEOPOLDO-3.png","contentUrl":"https:\/\/educacion.leopoldonchavez.com\/wp-content\/uploads\/2023\/08\/ROTULO-UE-LEOPOLDO-3.png","width":4819,"height":1305,"caption":"UNIDAD EDUCATIVA LEOPOLDO N CHAVEZ"},"image":{"@id":"https:\/\/educacion.leopoldonchavez.com\/#\/schema\/logo\/image\/"}}]}},"_links":{"self":[{"href":"https:\/\/educacion.leopoldonchavez.com\/index.php\/wp-json\/wp\/v2\/pages\/891","targetHints":{"allow":["GET"]}}],"collection":[{"href":"https:\/\/educacion.leopoldonchavez.com\/index.php\/wp-json\/wp\/v2\/pages"}],"about":[{"href":"https:\/\/educacion.leopoldonchavez.com\/index.php\/wp-json\/wp\/v2\/types\/page"}],"author":[{"embeddable":true,"href":"https:\/\/educacion.leopoldonchavez.com\/index.php\/wp-json\/wp\/v2\/users\/2"}],"replies":[{"embeddable":true,"href":"https:\/\/educacion.leopoldonchavez.com\/index.php\/wp-json\/wp\/v2\/comments?post=891"}],"version-history":[{"count":2,"href":"https:\/\/educacion.leopoldonchavez.com\/index.php\/wp-json\/wp\/v2\/pages\/891\/revisions"}],"predecessor-version":[{"id":899,"href":"https:\/\/educacion.leopoldonchavez.com\/index.php\/wp-json\/wp\/v2\/pages\/891\/revisions\/899"}],"wp:attachment":[{"href":"https:\/\/educacion.leopoldonchavez.com\/index.php\/wp-json\/wp\/v2\/media?parent=891"}],"curies":[{"name":"wp","href":"https:\/\/api.w.org\/{rel}","templated":true}]}}